{"id":699,"date":"2025-05-12T13:04:21","date_gmt":"2025-05-12T13:04:21","guid":{"rendered":"https:\/\/ebsmelgaco.com\/wpebs1\/?page_id=699"},"modified":"2025-06-13T14:16:29","modified_gmt":"2025-06-13T14:16:29","slug":"orcamento-participativo-das-escolas","status":"publish","type":"page","link":"https:\/\/ebsmelgaco.com\/wpebs1\/orcamento-participativo-das-escolas\/","title":{"rendered":"Or\u00e7amento Participativo das Escolas"},"content":{"rendered":"\n<figure class=\"wp-block-image aligncenter size-full is-resized\"><img loading=\"lazy\" decoding=\"async\" width=\"684\" height=\"470\" src=\"https:\/\/ebsmelgaco.com\/wpebs1\/wp-content\/uploads\/Logo3.png\" alt=\"\" class=\"wp-image-1713\" style=\"width:172px;height:auto\" srcset=\"https:\/\/ebsmelgaco.com\/wpebs1\/wp-content\/uploads\/Logo3.png 684w, https:\/\/ebsmelgaco.com\/wpebs1\/wp-content\/uploads\/Logo3-300x206.png 300w\" sizes=\"auto, (max-width: 684px) 100vw, 684px\" \/><\/figure>\n\n\n\n<p style=\"text-align: justify;\">O Or\u00e7amento Participativo das Escolas tem como objetivos contribuir para as comemora\u00e7\u00f5es do Dia do Estudante e estimular a participa\u00e7\u00e3o c\u00edvica e democr\u00e1tica dos estudantes, promovendo o seu esp\u00edrito de cidadania e o di\u00e1logo, a mobiliza\u00e7\u00e3o coletiva em prol do bem comum e o respeito pelas escolhas diferentes, valorizando a sua opini\u00e3o em decis\u00f5es nas quais s\u00e3o os principais interessados e respons\u00e1veis, e, finalmente, permitindo o conhecimento do mecanismo do voto.<span style=\"color: #ffffff;\">.<\/span>\u00a0 \u00a0<\/p>\n\n\n\n<p class=\"has-tertiary-background-color has-background\">Or\u00e7amento Participativo das Escolas<br>\u00bb  <a href=\"https:\/\/ebsmelgaco.com\/wpebs1\/wp-content\/uploads\/OrcamentoParticipativoEscolas_D_436-A-2017.pdf\" target=\"_blank\" rel=\"noreferrer noopener\">Despacho n.\u00ba 436-A\/2017<\/a><\/p>\n","protected":false},"excerpt":{"rendered":"<p>O Or\u00e7amento Participativo das Escolas tem como objetivos contribuir para as comemora\u00e7\u00f5es do Dia do Estudante e estimular a participa\u00e7\u00e3o c\u00edvica e democr\u00e1tica dos estudantes, promovendo o seu esp\u00edrito de cidadania e o di\u00e1logo, a mobiliza\u00e7\u00e3o coletiva em prol do bem comum e o respeito pelas escolhas diferentes, valorizando a sua opini\u00e3o em decis\u00f5es nas [&hellip;]<\/p>\n","protected":false},"author":1,"featured_media":0,"parent":0,"menu_order":0,"comment_status":"closed","ping_status":"closed","template":"","meta":{"footnotes":""},"class_list":["post-699","page","type-page","status-publish","hentry"],"_links":{"self":[{"href":"https:\/\/ebsmelgaco.com\/wpebs1\/wp-json\/wp\/v2\/pages\/699","targetHints":{"allow":["GET"]}}],"collection":[{"href":"https:\/\/ebsmelgaco.com\/wpebs1\/wp-json\/wp\/v2\/pages"}],"about":[{"href":"https:\/\/ebsmelgaco.com\/wpebs1\/wp-json\/wp\/v2\/types\/page"}],"author":[{"embeddable":true,"href":"https:\/\/ebsmelgaco.com\/wpebs1\/wp-json\/wp\/v2\/users\/1"}],"replies":[{"embeddable":true,"href":"https:\/\/ebsmelgaco.com\/wpebs1\/wp-json\/wp\/v2\/comments?post=699"}],"version-history":[{"count":14,"href":"https:\/\/ebsmelgaco.com\/wpebs1\/wp-json\/wp\/v2\/pages\/699\/revisions"}],"predecessor-version":[{"id":1725,"href":"https:\/\/ebsmelgaco.com\/wpebs1\/wp-json\/wp\/v2\/pages\/699\/revisions\/1725"}],"wp:attachment":[{"href":"https:\/\/ebsmelgaco.com\/wpebs1\/wp-json\/wp\/v2\/media?parent=699"}],"curies":[{"name":"wp","href":"https:\/\/api.w.org\/{rel}","templated":true}]}}