{"id":696,"date":"2025-05-12T13:00:17","date_gmt":"2025-05-12T13:00:17","guid":{"rendered":"https:\/\/ebsmelgaco.com\/wpebs1\/?page_id=696"},"modified":"2025-11-26T07:52:54","modified_gmt":"2025-11-26T07:52:54","slug":"criterios-de-avaliacao-2024-2025","status":"publish","type":"page","link":"https:\/\/ebsmelgaco.com\/wpebs1\/criterios-de-avaliacao-2024-2025\/","title":{"rendered":"Crit\u00e9rios de Avalia\u00e7\u00e3o 2025\/2026"},"content":{"rendered":"\n<p>\u00bb\u00a0 <a href=\"https:\/\/aemelgaco-my.sharepoint.com\/:f:\/g\/personal\/pte_ebsmelgaco_com\/EhZsUe82h_NGqGAbtMBFvpEBvPlLb_3foaUkc85io8jJHw\" target=\"_blank\" rel=\"noopener\">Crit\u00e9rios Gerais de Avalia\u00e7\u00e3o<\/a><\/p>\n<p>\u00a0 \u00a0 \u00a0 \u00a0.\u00a0\u00a0 Crit\u00e9rios gerais de avalia\u00e7\u00e3o<br \/>\u00a0 \u00a0 \u00a0 \u00a0.\u00a0 \u00a0Cidadania e Desenvolvimento<br \/>\u00a0 \u00a0 \u00a0 \u00a0.\u00a0 \u00a0Orienta\u00e7\u00e3o Educativa<\/p>\n<p>\u00bb<span style=\"color: #10a668;\"> \u00a0<a href=\"https:\/\/aemelgaco-my.sharepoint.com\/:f:\/g\/personal\/pte_ebsmelgaco_com\/EqJ_ock0fQ1EoU9Gil1uQnYBKNIP0z6LQQEDJtoIgwEQ0A?e=C7ulQR\" target=\"_blank\" rel=\"noopener\">Departamento da Educa\u00e7\u00e3o Pr\u00e9-Escolar<\/a><\/span><\/p>\n<p style=\"padding-left: 30px;\">.\u00a0 \u00a0\u00c1rea da Forma\u00e7\u00e3o Pessoal e Social<br \/>.\u00a0 \u00a0\u00c1rea de Express\u00e3o e Comunica\u00e7\u00e3o<br \/>.\u00a0 \u00a0\u00c1rea do Conhecimento do Mundo<\/p>\n<p>\u00bb\u00a0 <span style=\"color: #10a668;\"><a href=\"https:\/\/aemelgaco-my.sharepoint.com\/:f:\/g\/personal\/pte_ebsmelgaco_com\/ElSLDL3COohHmd_UikWs68cBVXC1NP70KEDXACKw8uv-vQ?e=vXjqcu\" target=\"_blank\" rel=\"noopener\">Departamento do 1.\u00ba Ciclo<\/a><\/span><\/p>\n<p style=\"padding-left: 30px;\">.\u00a0 \u00a0Portugu\u00eas<br \/>.\u00a0 \u00a0Matem\u00e1tica<br \/>.\u00a0 \u00a0Estudo do Meio<br \/>.\u00a0 \u00a0Express\u00e3o Dram\u00e1tica &#8211; Teatro<br \/>.\u00a0 \u00a0Educa\u00e7\u00e3o Art\u00edstica &#8211; Educa\u00e7\u00e3o F\u00edsica<br \/>.\u00a0 \u00a0Educa\u00e7\u00e3o Art\u00edstica &#8211; M\u00fasica<br \/>.\u00a0 \u00a0Educa\u00e7\u00e3o Art\u00edstica &#8211; Dan\u00e7a<br \/>.\u00a0 \u00a0Educa\u00e7\u00e3o Art\u00edstica &#8211; Artes Visuais<br \/>.\u00a0 \u00a0Educa\u00e7\u00e3o F\u00edsica<br \/>.\u00a0 \u00a0Ci\u00eancias Experimentais<\/p>\n<p>\u00bb\u00a0 <span style=\"color: #10a668;\"><a href=\"https:\/\/aemelgaco-my.sharepoint.com\/:f:\/g\/personal\/pte_ebsmelgaco_com\/EtBvUFQXdCBAhm9oDX5gPP0B7E6YYe8YmGzyFjN527Do7Q?e=mCCK1k\" target=\"_blank\" rel=\"noopener\">Departamento de Ci\u00eancias Exatas e Experimentais<\/a><\/span><\/p>\n<p style=\"padding-left: 30px;\">.\u00a0 \u00a0Ci\u00eancias Naturais<br \/>.\u00a0 \u00a0Biologia e Geologia<br \/>.\u00a0 \u00a0Biologia<br \/>.\u00a0 \u00a0Estudo do Movimento<br \/>.\u00a0 \u00a0UFCD &#8211; Corpo Humano e Doping<br \/>.\u00a0 \u00a0Matem\u00e1tica<br \/>.\u00a0 \u00a0F\u00edsico-Qu\u00edmica<br \/>.\u00a0 \u00a0F\u00edsica e Qu\u00edmica<br \/>.\u00a0 \u00a0F\u00edsica e Qu\u00edmica A<br \/>.\u00a0 \u00a0F\u00edsica<br \/>.\u00a0 \u00a0Qu\u00edmica<br \/>.\u00a0 \u00a0Tecnologias da Informa\u00e7\u00e3o e Comunica\u00e7\u00e3o<br \/>.\u00a0 \u00a0Aplica\u00e7\u00f5es Inform\u00e1ticas B<\/p>\n<p>\u00bb \u00a0<span style=\"color: #10a668;\"><a href=\"https:\/\/aemelgaco-my.sharepoint.com\/:f:\/g\/personal\/pte_ebsmelgaco_com\/EnRePS53cbhKuDgJ71caOA0B9J-zvUn9yfjVZ0995AePBA?e=OWZsKg\" target=\"_blank\" rel=\"noopener\">Departamento de Ci\u00eancias Humanas e Sociais<\/a><\/span><\/p>\n<p style=\"padding-left: 30px;\">.\u00a0 \u00a0Educa\u00e7\u00e3o Moral Religiosa e Cat\u00f3lica<br \/>.\u00a0 \u00a0Hist\u00f3ria e Geografia de Portugal<br \/>.\u00a0 \u00a0Hist\u00f3ria<br \/>.\u00a0 \u00a0Hist\u00f3ria A<br \/>.\u00a0 \u00a0Geografia<br \/>.\u00a0 \u00a0Geografia A<br \/>.\u00a0 \u00a0Geografia C<br \/>.\u00a0 \u00a0Psicologia<br \/>.\u00a0 \u00a0Psicologia B<br \/>.\u00a0 \u00a0Filosofia<br \/>.\u00a0\u00a0 \u00c1rea de Integra\u00e7\u00e3o<br \/>.\u00a0\u00a0 Economia<\/p>\n<p>\u00bb \u00a0<span style=\"color: #10a668;\"><a href=\"https:\/\/aemelgaco-my.sharepoint.com\/:f:\/g\/personal\/pte_ebsmelgaco_com\/El-yNb5hkbtCtHMwrwxCH1EBO_gpmKIpbOgYsLskGvDNrA?e=t4g5uc\" target=\"_blank\" rel=\"noopener\">Departamento de L\u00ednguas<\/a><\/span><\/p>\n<p style=\"padding-left: 30px;\">.\u00a0 \u00a0Portugu\u00eas<br \/>.\u00a0 \u00a0Franc\u00eas<br \/>.\u00a0 \u00a0Ingl\u00eas<br \/>.\u00a0 \u00a0Espanhol<\/p>\n<p>\u00bb \u00a0<span style=\"color: #10a668;\"><a href=\"https:\/\/aemelgaco-my.sharepoint.com\/:f:\/g\/personal\/pte_ebsmelgaco_com\/Ei4RHSjJ1uNCoREsVgip7i8B7zL25kJWAvZlKsMFj31TtA?e=rKRYrt\" target=\"_blank\" rel=\"noopener\">Departamento de Express\u00f5es Art\u00edsticas e Motoras<\/a><\/span><\/p>\n<p style=\"padding-left: 30px;\">.\u00a0 \u00a0Educa\u00e7\u00e3o F\u00edsica<br \/>.\u00a0 \u00a0Educa\u00e7\u00e3o Visual<br \/>.\u00a0 \u00a0Educa\u00e7\u00e3o Tecnol\u00f3gica<br \/>.\u00a0 \u00a0Educa\u00e7\u00e3o Musical<\/p>\n","protected":false},"excerpt":{"rendered":"<p>\u00bb\u00a0 Crit\u00e9rios Gerais de Avalia\u00e7\u00e3o \u00a0 \u00a0 \u00a0 \u00a0.\u00a0\u00a0 Crit\u00e9rios gerais de avalia\u00e7\u00e3o\u00a0 \u00a0 \u00a0 \u00a0.\u00a0 \u00a0Cidadania e Desenvolvimento\u00a0 \u00a0 \u00a0 \u00a0.\u00a0 \u00a0Orienta\u00e7\u00e3o Educativa \u00bb \u00a0Departamento da Educa\u00e7\u00e3o Pr\u00e9-Escolar .\u00a0 \u00a0\u00c1rea da Forma\u00e7\u00e3o Pessoal e Social.\u00a0 \u00a0\u00c1rea de Express\u00e3o e Comunica\u00e7\u00e3o.\u00a0 \u00a0\u00c1rea do Conhecimento do Mundo \u00bb\u00a0 Departamento do 1.\u00ba Ciclo .\u00a0 \u00a0Portugu\u00eas.\u00a0 \u00a0Matem\u00e1tica.\u00a0 \u00a0Estudo [&hellip;]<\/p>\n","protected":false},"author":1,"featured_media":0,"parent":0,"menu_order":0,"comment_status":"closed","ping_status":"closed","template":"","meta":{"footnotes":""},"class_list":["post-696","page","type-page","status-publish","hentry"],"_links":{"self":[{"href":"https:\/\/ebsmelgaco.com\/wpebs1\/wp-json\/wp\/v2\/pages\/696","targetHints":{"allow":["GET"]}}],"collection":[{"href":"https:\/\/ebsmelgaco.com\/wpebs1\/wp-json\/wp\/v2\/pages"}],"about":[{"href":"https:\/\/ebsmelgaco.com\/wpebs1\/wp-json\/wp\/v2\/types\/page"}],"author":[{"embeddable":true,"href":"https:\/\/ebsmelgaco.com\/wpebs1\/wp-json\/wp\/v2\/users\/1"}],"replies":[{"embeddable":true,"href":"https:\/\/ebsmelgaco.com\/wpebs1\/wp-json\/wp\/v2\/comments?post=696"}],"version-history":[{"count":3,"href":"https:\/\/ebsmelgaco.com\/wpebs1\/wp-json\/wp\/v2\/pages\/696\/revisions"}],"predecessor-version":[{"id":2275,"href":"https:\/\/ebsmelgaco.com\/wpebs1\/wp-json\/wp\/v2\/pages\/696\/revisions\/2275"}],"wp:attachment":[{"href":"https:\/\/ebsmelgaco.com\/wpebs1\/wp-json\/wp\/v2\/media?parent=696"}],"curies":[{"name":"wp","href":"https:\/\/api.w.org\/{rel}","templated":true}]}}