{"id":692,"date":"2025-05-12T12:55:59","date_gmt":"2025-05-12T12:55:59","guid":{"rendered":"https:\/\/ebsmelgaco.com\/wpebs1\/?page_id=692"},"modified":"2026-03-25T19:21:40","modified_gmt":"2026-03-25T19:21:40","slug":"provas-de-recuperacao-de-modulos-cursos-profissionais","status":"publish","type":"page","link":"https:\/\/ebsmelgaco.com\/wpebs1\/provas-de-recuperacao-de-modulos-cursos-profissionais\/","title":{"rendered":"Provas de Recupera\u00e7\u00e3o de M\u00f3dulos &#8211; Cursos Profissionais"},"content":{"rendered":"\n<p><span style=\"color: #ff6600;\"><strong>\u00bb\u00a0 Provas de Recupera\u00e7\u00e3o de M\u00f3dulos<\/strong><\/span><br \/>\u00a0 \u00a0 Calend\u00e1rio: \u00a0<a href=\"https:\/\/ebsmelgaco.com\/wpebs1\/wp-content\/uploads\/Calendario_Epoca_Pascoa_Divulgacao.pdf\" target=\"_blank\" rel=\"noopener\">\u00c9poca da P\u00e1scoa 2026<\/a>\u00a0<\/p>\n<p>\u00bb\u00a0 <strong>Disciplina<\/strong>: Estudo do Movimento<br \/>\u00a0 \u00a0 M\u00f3dulo:\u00a0 <a href=\"https:\/\/ebsmelgaco.com\/wpebs1\/wp-content\/uploads\/IM_Estudo_do_Movimento_M4_fundamentos_mecanica_para_analise_do_movimento.pdf\" target=\"_blank\" rel=\"noopener\">M4 &#8211; Fundamentos de mec\u00e2nica para an\u00e1lise do movimento<\/a><br \/>\u00a0 \u00a0 M\u00f3dulo:\u00a0 <a href=\"https:\/\/ebsmelgaco.com\/wpebs1\/wp-content\/uploads\/IM_Estudo_do_Movimento_M5_analise_participacao_muscular_no_movimento.pdf\" target=\"_blank\" rel=\"noopener\">M5 &#8211; An\u00e1lise da Participa\u00e7\u00e3o Muscular no Movimento<\/a><\/p>\n<p>\u00bb\u00a0 <strong>Disciplina<\/strong>: Psicologia<br \/>\u00a0 \u00a0 M\u00f3dulo:\u00a0\u00a0 <a href=\"https:\/\/ebsmelgaco.com\/wpebs1\/wp-content\/uploads\/Matriz-Exame-Modulo1-Descobrindo_a_psicologia-2025-26.pdf\" target=\"_blank\" rel=\"noopener\">M1 &#8211; Descobrindo a Psicologia<\/a><\/p>\n<p>\u00bb\u00a0 <strong>Disciplina<\/strong>: Educa\u00e7\u00e3o F\u00edsica<br \/>\u00a0 \u00a0 M\u00f3dulo:\u00a0\u00a0 <a href=\"https:\/\/ebsmelgaco.com\/wpebs1\/wp-content\/uploads\/Matriz_Ed_Fisica_JDCIII.pdf\" target=\"_blank\" rel=\"noopener\">M3 &#8211; Jogos Desportivos Coletivos III<\/a><\/p>\n<p>\u00bb\u00a0 <strong>Componente t\u00e9cnica<\/strong><br \/>\u00a0 \u00a0 UFCD:\u00a0 <a href=\"https:\/\/ebsmelgaco.com\/wpebs1\/wp-content\/uploads\/Matriz_Didatica_do_Desporto.pdf\" target=\"_blank\" rel=\"noopener\">9435 &#8211; Did\u00e1tica do Desporto<\/a><br \/><br \/><\/p>\n\n\n\n<hr class=\"wp-block-separator has-text-color has-cyan-bluish-gray-color has-alpha-channel-opacity has-cyan-bluish-gray-background-color has-background is-style-wide\"\/>\n\n\n\n<p><span style=\"color: #ff6600;\"><strong>\u00bb\u00a0 Provas de Recupera\u00e7\u00e3o de M\u00f3dulos<\/strong><\/span><br \/>\u00a0 \u00a0 Calend\u00e1rio: \u00a0<a href=\"https:\/\/ebsmelgaco.com\/wpebs1\/wp-content\/uploads\/Calendario_Epoca-Julho_Dez_Publico.pdf\" target=\"_blank\" rel=\"noopener\">\u00c9poca de dezembro 2025<\/a>\u00a0<\/p>\n<p>\u00bb\u00a0 <strong>Disciplina<\/strong>: Portugu\u00eas<br \/>\u00a0 \u00a0 M\u00f3dulo:\u00a0 <a href=\"https:\/\/ebsmelgaco.com\/wpebs1\/wp-content\/uploads\/MATRIZ_PORTUGUES_MOD_4.pdf\" target=\"_blank\" rel=\"noopener\">M4 &#8211; Serm\u00e3o de Santo Ant\u00f3nio aos Peixes, de Padre Ant\u00f3nio Vieira<\/a><\/p>\n<p>\u00bb\u00a0 <strong>Disciplina<\/strong>: Estudo do Movimento<br \/>\u00a0 \u00a0 M\u00f3dulo:\u00a0 <a href=\"https:\/\/ebsmelgaco.com\/wpebs1\/wp-content\/uploads\/IM_Estudo_do_Movimento_M2_Miologia.pdf\" target=\"_blank\" rel=\"noopener\">M2 &#8211; Miologia<\/a><br \/>\u00a0 \u00a0 M\u00f3dulo:\u00a0 <a href=\"https:\/\/ebsmelgaco.com\/wpebs1\/wp-content\/uploads\/IM_Estudo_do_Movimento_M3_Controlo_e_coordenacao_do_movimento-1.pdf\" target=\"_blank\" rel=\"noopener\">M3 &#8211; Controlo e coordena\u00e7\u00e3o do movimento<\/a><\/p>\n<p>\u00bb\u00a0 <strong>Disciplina<\/strong>: Educa\u00e7\u00e3o F\u00edsica<br \/>\u00a0 \u00a0 M\u00f3dulo:\u00a0\u00a0 <a href=\"https:\/\/ebsmelgaco.com\/wpebs1\/wp-content\/uploads\/Matriz_Ed_Fisica-M9-ATV-EXP-NAT.pdf\" target=\"_blank\" rel=\"noopener\">M9 &#8211; Atividades de Explora\u00e7\u00e3o da Natureza<\/a><br \/>\u00a0 \u00a0 M\u00f3dulo:\u00a0 \u00a0<a href=\"https:\/\/ebsmelgaco.com\/wpebs1\/wp-content\/uploads\/Matriz-Ed-Fisica-M11DancaII.pdf\" target=\"_blank\" rel=\"noopener\">M11 &#8211; Dan\u00e7a II<\/a><\/p>\n<p>\u00bb\u00a0 <strong>Componente t\u00e9cnica<\/strong><br \/>\u00a0 \u00a0 UFCD:\u00a0 <a href=\"https:\/\/ebsmelgaco.com\/wpebs1\/wp-content\/uploads\/Matriz_PRecup_UFCD_7250_Etica.pdf\" target=\"_blank\" rel=\"noopener\">7250 &#8211; \u00c9tica e Deontologia do Desporto<\/a><br \/>\u00a0 \u00a0 UFCD:\u00a0 <a href=\"https:\/\/ebsmelgaco.com\/wpebs1\/wp-content\/uploads\/Matriz_PRecup_UFCD_7250_Etica.pdf\" target=\"_blank\" rel=\"noopener\">9437 &#8211; <\/a><a href=\"https:\/\/ebsmelgaco.com\/wpebs1\/wp-content\/uploads\/Matriz_PRecup_UFCD9437_o_corpo_hum_nutri_e_doping.pdf\" target=\"_blank\" rel=\"noopener\">O Corpo Humano \u2013 Nutri\u00e7\u00e3o e Doping<\/a><br \/>\u00a0 \u00a0 UFCD:\u00a0 <a href=\"https:\/\/ebsmelgaco.com\/wpebs1\/wp-content\/uploads\/Matriz_UFCD-9501Futebol_Psicologia_Aplicada.pdf\" target=\"_blank\" rel=\"noopener\">9501 &#8211; Futebol \u2013 Psicologia Apicada<\/a><br \/><br \/><\/p>\n\n\n\n<hr class=\"wp-block-separator has-text-color has-cyan-bluish-gray-color has-alpha-channel-opacity has-cyan-bluish-gray-background-color has-background is-style-wide\"\/>\n","protected":false},"excerpt":{"rendered":"<p>\u00bb\u00a0 Provas de Recupera\u00e7\u00e3o de M\u00f3dulos\u00a0 \u00a0 Calend\u00e1rio: \u00a0\u00c9poca da P\u00e1scoa 2026\u00a0 \u00bb\u00a0 Disciplina: Estudo do Movimento\u00a0 \u00a0 M\u00f3dulo:\u00a0 M4 &#8211; Fundamentos de mec\u00e2nica para an\u00e1lise do movimento\u00a0 \u00a0 M\u00f3dulo:\u00a0 M5 &#8211; An\u00e1lise da Participa\u00e7\u00e3o Muscular no Movimento \u00bb\u00a0 Disciplina: Psicologia\u00a0 \u00a0 M\u00f3dulo:\u00a0\u00a0 M1 &#8211; Descobrindo a Psicologia \u00bb\u00a0 Disciplina: Educa\u00e7\u00e3o F\u00edsica\u00a0 \u00a0 M\u00f3dulo:\u00a0\u00a0 M3 [&hellip;]<\/p>\n","protected":false},"author":1,"featured_media":0,"parent":0,"menu_order":0,"comment_status":"closed","ping_status":"closed","template":"","meta":{"footnotes":""},"class_list":["post-692","page","type-page","status-publish","hentry"],"_links":{"self":[{"href":"https:\/\/ebsmelgaco.com\/wpebs1\/wp-json\/wp\/v2\/pages\/692","targetHints":{"allow":["GET"]}}],"collection":[{"href":"https:\/\/ebsmelgaco.com\/wpebs1\/wp-json\/wp\/v2\/pages"}],"about":[{"href":"https:\/\/ebsmelgaco.com\/wpebs1\/wp-json\/wp\/v2\/types\/page"}],"author":[{"embeddable":true,"href":"https:\/\/ebsmelgaco.com\/wpebs1\/wp-json\/wp\/v2\/users\/1"}],"replies":[{"embeddable":true,"href":"https:\/\/ebsmelgaco.com\/wpebs1\/wp-json\/wp\/v2\/comments?post=692"}],"version-history":[{"count":45,"href":"https:\/\/ebsmelgaco.com\/wpebs1\/wp-json\/wp\/v2\/pages\/692\/revisions"}],"predecessor-version":[{"id":2724,"href":"https:\/\/ebsmelgaco.com\/wpebs1\/wp-json\/wp\/v2\/pages\/692\/revisions\/2724"}],"wp:attachment":[{"href":"https:\/\/ebsmelgaco.com\/wpebs1\/wp-json\/wp\/v2\/media?parent=692"}],"curies":[{"name":"wp","href":"https:\/\/api.w.org\/{rel}","templated":true}]}}