{"id":689,"date":"2025-05-12T12:51:18","date_gmt":"2025-05-12T12:51:18","guid":{"rendered":"https:\/\/ebsmelgaco.com\/wpebs1\/?page_id=689"},"modified":"2025-06-16T21:45:50","modified_gmt":"2025-06-16T21:45:50","slug":"provas-e-exames-nacionais-2025","status":"publish","type":"page","link":"https:\/\/ebsmelgaco.com\/wpebs1\/provas-e-exames-nacionais-2025\/","title":{"rendered":"Provas e Exames Nacionais &#8211; 2025"},"content":{"rendered":"\n<p align=\"justify\">Pelo seu car\u00e1ter obrigat\u00f3rio e universal, a avalia\u00e7\u00e3o externa \u00e9 uma parte fundamental do sistema educativo, promovendo uma educa\u00e7\u00e3o de qualidade para todos os alunos, devendo, tamb\u00e9m, ser um instrumento ao servi\u00e7o das escolas e dos professores, para robustecer o diagn\u00f3stico atempado das \u00e1reas a melhorar.<\/p>\n<p align=\"justify\">As informa\u00e7\u00f5es disponibilizadas pela Escola B\u00e1sica e Secund\u00e1ria de Melga\u00e7o e pelo Minist\u00e9rio da Educa\u00e7\u00e3o relativas \u00e0s Provas e Exames Nacionais do Ensino B\u00e1sico e Secund\u00e1rio s\u00e3o as seguintes:<\/p>\n<p align=\"justify\"><span style=\"color: #d74500;\">\u00bb Legisla\u00e7\u00e3o e outras informa\u00e7\u00f5es<\/span><\/p>\n<p align=\"justify\">\u00a0 \u2022\u00a0 \u00a0Regulamento das Provas de Avalia\u00e7\u00e3o Externa e das Provas de Equival\u00eancia \u00e0 Frequ\u00eancia EBS\u00a0 <a href=\"https:\/\/ebsmelgaco.com\/wpebs1\/wp-content\/uploads\/\/regulamento_2025_-_despacho_normativo_n.o_2-a_3mar.pdf\" target=\"_blank\" rel=\"noopener\">[PDF]<\/a><br \/>\u00a0 \u00a0 \u00a0 \u00a0Despacho Normativo n.\u00ba 2-A\/2025<br \/>\u00a0 \u2022\u00a0 \u00a0Guia para Aplica\u00e7\u00e3o de Adapta\u00e7\u00f5es na Realiza\u00e7\u00e3o de Provas e Exames \u00a0 <a href=\"https:\/\/ebsmelgaco.com\/wpebs1\/wp-content\/uploads\/Guia_das_Adaptacoes_2025_-3MAR.pdf\" target=\"_blank\" rel=\"noopener\">[PDF]<\/a><br \/>\u00a0 \u2022\u00a0 \u00a0Guia para a Realiza\u00e7\u00e3o das Provas ModA\u00a0 \u00a0<a href=\"https:\/\/ebsmelgaco.com\/wpebs1\/wp-content\/uploads\/GuiaParaRealizacaoProvasModA2025_2025-04-16.pdf\" target=\"_blank\" rel=\"noopener\">[PDF]<\/a><br \/>\u00a0 \u2022\u00a0 \u00a0Norma 01\/JNE\/2025\u00a0 \u00a0<a href=\"https:\/\/ebsmelgaco.com\/wpebs1\/wp-content\/uploads\/NORMA-01_2025_3MAR.pdf\" target=\"_blank\" rel=\"noopener\">[PDF]<\/a><br \/>\u00a0 \u2022\u00a0 \u00a0Norma 02\/JNE\/2025\u00a0 \u00a0<a href=\"https:\/\/ebsmelgaco.com\/wpebs1\/wp-content\/uploads\/Norma-02_jne_2025.pdf\" target=\"_blank\" rel=\"noopener\">[PDF]<\/a><br \/>\u00a0 \u2022\u00a0 \u00a0Guia Geral de Exames 2025\u00a0 \u00a0<a href=\"https:\/\/ebsmelgaco.com\/wpebs1\/wp-content\/uploads\/GuiaGeralExames2025.pdf\" target=\"_blank\" rel=\"noopener\">[PDF]<\/a><br \/>\u00a0 \u2022\u00a0 \u00a0Aviso &#8211; Telem\u00f3veis e outros dispositivos \u00a0 <a href=\"https:\/\/ebsmelgaco.com\/wpebs1\/wp-content\/uploads\/AVISO_Telemoveis.pdf\" target=\"_blank\" rel=\"noopener\">[PDF]<\/a><\/p>\n<p align=\"justify\"><span style=\"color: #d74500;\">\u00bb Informa\u00e7\u00f5es-prova<\/span><\/p>\n<p align=\"justify\">\u00a0 \u2022 \u00a0 Utiliza\u00e7\u00e3o de calculadoras nas Provas e Exames do Ensino B\u00e1sico e Secund\u00e1rio\u00a0 &#8211;\u00a0 <a href=\"https:\/\/ebsmelgaco.com\/wpebs1\/wp-content\/uploads\/calculadoras_exames_utilizacao_2025.pdf\" target=\"_blank\" rel=\"noopener\">[PDF]<\/a><br \/>\u00a0 \u2022\u00a0 \u00a0Lista exemplificativa de calculadoras permitidas nos Exames do Ensino Secund\u00e1rio\u00a0 &#8211;\u00a0 <a href=\"https:\/\/ebsmelgaco.com\/wpebs1\/wp-content\/uploads\/calculadoras_exames_lista_2025.pdf\" target=\"_blank\" rel=\"noopener\">[PDF]<\/a><br \/>\u00a0 \u2022 \u00a0 Informa\u00e7\u00f5es relativas \u00e0s Provas de Avalia\u00e7\u00e3o Externa\u00a0 &#8211;\u00a0 <a href=\"https:\/\/iave.pt\/provas-e-exames\/informacoes\/\" target=\"_blank\" rel=\"noopener\">IAVE<\/a><br \/><br \/>\u00a0 \u2022 \u00a0 Informa\u00e7\u00f5es relativas \u00e0s Provas de Equival\u00eancia \u00e0 Frequ\u00eancia EB\u00a0 &#8211;\u00a0 <a href=\"https:\/\/aemelgaco-my.sharepoint.com\/:f:\/g\/personal\/pte_ebsmelgaco_com\/Em31nNLXuRJClP5w-9XHiHkBSzIWaEpQ9nXUVZoGX3ytrw?e=RNtoe4\" target=\"_blank\" rel=\"noopener\">[PDF]<\/a><br \/>\u00a0 \u2022 \u00a0 Informa\u00e7\u00f5es relativas \u00e0s Provas de Equival\u00eancia \u00e0 Frequ\u00eancia ES\u00a0 &#8211;\u00a0 <a href=\"https:\/\/aemelgaco-my.sharepoint.com\/:f:\/g\/personal\/pte_ebsmelgaco_com\/Em31nNLXuRJClP5w-9XHiHkBSzIWaEpQ9nXUVZoGX3ytrw?e=RNtoe4\" target=\"_blank\" rel=\"noopener\">[PDF]<\/a><\/p>\n<p align=\"justify\"><span style=\"color: #d74500;\">\u00bb Inscri\u00e7\u00f5es para Provas e Exames<\/span><\/p>\n<p align=\"justify\">\u00a0 \u2022 \u00a0 Prazos de inscri\u00e7\u00e3o para Exames Nacionais\u00a0 \u00a0 <a href=\"https:\/\/ebsmelgaco.com\/wpebs1\/wp-content\/uploads\/Exames_Nacionais_2025_-Prazos_de_inscricao.pdf\" target=\"_blank\" rel=\"noopener\">[PDF]<\/a><br \/>\u00a0 \u2022 \u00a0 Manual de instru\u00e7\u00f5es &#8211; PIEPE\u00a0 \u00a0 <a href=\"https:\/\/ebsmelgaco.com\/wpebs1\/wp-content\/uploads\/Manual_PIEPE_2025.pdf\" target=\"_blank\" rel=\"noopener\">[PDF]<\/a><br \/>\u00a0 \u2022\u00a0 \u00a0Folheto &#8211; Inscri\u00e7\u00e3o em Exames Finais Nacionais &#8211; CCH\u00a0 \u00a0 \u00a0 <a href=\"https:\/\/ebsmelgaco.com\/wpebs1\/wp-content\/uploads\/Folheto_Inscricoes_2025_CCH.pdf\" target=\"_blank\" rel=\"noopener\">[PDF]<\/a><br \/>\u00a0 \u2022\u00a0 \u00a0Folheto &#8211; Inscri\u00e7\u00e3o em Exames Finais Nacionais &#8211; Outros Cursos\u00a0 \u00a0 \u00a0 <a href=\"https:\/\/ebsmelgaco.com\/wpebs1\/wp-content\/uploads\/Folheto_Inscricoes_2025_OutrosCursos.pdf\" target=\"_blank\" rel=\"noopener\">[PDF]<\/a><\/p>\n<p align=\"justify\"><span style=\"color: #d74500;\">\u00bb Calend\u00e1rio das Provas e Exames<\/span><\/p>\n<p align=\"justify\">\u00a0 \u2022\u00a0 \u00a0Calend\u00e1rio das Provas e Exames &#8211; Ensino B\u00e1sico e Secund\u00e1rio\u00a0 &#8211;\u00a0 <a href=\"https:\/\/ebsmelgaco.com\/wpebs1\/wp-content\/uploads\/Calendario_de_Provas_e_-Exames_2025.pdf\" target=\"_blank\" rel=\"noopener\">[PDF]<\/a><br \/>\u00a0 \u00a0 \u00a0 \u00a0Despacho n.\u00ba 14526\/2024<br \/>\u00a0 \u2022\u00a0 \u00a0Calend\u00e1rio das Provas 9.\u00ba Ano &#8211; 1.\u00aa Fase\u00a0 &#8211;\u00a0 <a href=\"https:\/\/ebsmelgaco.com\/wpebs1\/wp-content\/uploads\/Calendario_1a-Fase_9o-ano_-2025.pdf\" target=\"_blank\" rel=\"noopener\">[PDF]<\/a>\u00a0 <br \/>\u00a0 \u2022\u00a0 \u00a0Calend\u00e1rio das Provas e Exames &#8211; Ensino B\u00e1sico e Secund\u00e1rio\u00a0 &#8211;\u00a0 <a href=\"https:\/\/ebsmelgaco.com\/wordpress1\/wp-content\/uploads\/2025\/01\/Calendario_de_Provas_e_-Exames_2025.pdf\" target=\"_blank\" rel=\"noopener\">[PDF]<\/a><br \/>\u00a0 \u2022\u00a0 \u00a0Calend\u00e1rio das Provas e Exames &#8211; Ensino B\u00e1sico e Secund\u00e1rio\u00a0 &#8211;\u00a0 <a href=\"https:\/\/iave.pt\/provas-e-exames\/calendario\/\" target=\"_blank\" rel=\"noopener\">IAVE<\/a><\/p>\n<p align=\"justify\"><span style=\"color: #d74500;\">\u00bb S\u00edtios oficiais do Minist\u00e9rio da Educa\u00e7\u00e3o\u00a0<\/span><\/p>\n<p align=\"justify\">\u00a0 \u2022 \u00a0 Instituto de Avalia\u00e7\u00e3o Educativa\u00a0 &#8211;\u00a0 <a href=\"https:\/\/iave.pt\" target=\"_blank\" rel=\"noopener\">IAVE<\/a><br \/>\u00a0 \u2022 \u00a0 Plataforma de Inscri\u00e7\u00e3o Eletr\u00f3nica em Provas e Exames\u00a0 &#8211;\u00a0 <a href=\"https:\/\/jnepiepe.dge.mec.pt\" target=\"_blank\" rel=\"noopener\">PIEPE<\/a><\/p>\n<hr \/>\n<p align=\"justify\">\u25ce <span style=\"font-size: 12px;\">Junho, 2025<\/span><\/p>\n","protected":false},"excerpt":{"rendered":"<p>Pelo seu car\u00e1ter obrigat\u00f3rio e universal, a avalia\u00e7\u00e3o externa \u00e9 uma parte fundamental do sistema educativo, promovendo uma educa\u00e7\u00e3o de qualidade para todos os alunos, devendo, tamb\u00e9m, ser um instrumento ao servi\u00e7o das escolas e dos professores, para robustecer o diagn\u00f3stico atempado das \u00e1reas a melhorar. As informa\u00e7\u00f5es disponibilizadas pela Escola B\u00e1sica e Secund\u00e1ria de [&hellip;]<\/p>\n","protected":false},"author":1,"featured_media":0,"parent":0,"menu_order":0,"comment_status":"closed","ping_status":"closed","template":"","meta":{"footnotes":""},"class_list":["post-689","page","type-page","status-publish","hentry"],"_links":{"self":[{"href":"https:\/\/ebsmelgaco.com\/wpebs1\/wp-json\/wp\/v2\/pages\/689","targetHints":{"allow":["GET"]}}],"collection":[{"href":"https:\/\/ebsmelgaco.com\/wpebs1\/wp-json\/wp\/v2\/pages"}],"about":[{"href":"https:\/\/ebsmelgaco.com\/wpebs1\/wp-json\/wp\/v2\/types\/page"}],"author":[{"embeddable":true,"href":"https:\/\/ebsmelgaco.com\/wpebs1\/wp-json\/wp\/v2\/users\/1"}],"replies":[{"embeddable":true,"href":"https:\/\/ebsmelgaco.com\/wpebs1\/wp-json\/wp\/v2\/comments?post=689"}],"version-history":[{"count":18,"href":"https:\/\/ebsmelgaco.com\/wpebs1\/wp-json\/wp\/v2\/pages\/689\/revisions"}],"predecessor-version":[{"id":2537,"href":"https:\/\/ebsmelgaco.com\/wpebs1\/wp-json\/wp\/v2\/pages\/689\/revisions\/2537"}],"wp:attachment":[{"href":"https:\/\/ebsmelgaco.com\/wpebs1\/wp-json\/wp\/v2\/media?parent=689"}],"curies":[{"name":"wp","href":"https:\/\/api.w.org\/{rel}","templated":true}]}}