{"id":684,"date":"2025-05-12T12:34:54","date_gmt":"2025-05-12T12:34:54","guid":{"rendered":"https:\/\/ebsmelgaco.com\/wpebs1\/?page_id=684"},"modified":"2026-03-20T22:59:40","modified_gmt":"2026-03-20T22:59:40","slug":"provas-ensaio-2025","status":"publish","type":"page","link":"https:\/\/ebsmelgaco.com\/wpebs1\/provas-ensaio-2025\/","title":{"rendered":"Provas-Ensaio &#8211; 2026"},"content":{"rendered":"\n<p style=\"text-align: justify;\">Na sequ\u00eancia da realiza\u00e7\u00e3o em formato digital das <strong>Provas de Monitoriza\u00e7\u00e3o da Aprendizagem (ModA)<\/strong> e das <strong>Provas Finais do Ensino B\u00e1sico<\/strong> em formato digital ou h\u00edbrido e com o objetivo de preparar todos os alunos para a avalia\u00e7\u00e3o digital, de forma a que estejam em situa\u00e7\u00e3o de equidade no que diz respeito \u00e0 sua profici\u00eancia na utiliza\u00e7\u00e3o da plataforma de realiza\u00e7\u00e3o de provas do IAVE, bem como capacitar as escolas na prepara\u00e7\u00e3o das provas digitais, realizam-se provas-ensaio, de acordo com o previsto na Carta de solicita\u00e7\u00e3o ao Instituto de Avalia\u00e7\u00e3o Educativa, I. P. N.\u00ba 1\/2024.<br \/>As informa\u00e7\u00f5es disponibilizadas pela Escola B\u00e1sica e Secund\u00e1ria de Melga\u00e7o e pelo Minist\u00e9rio da Educa\u00e7\u00e3o relativas \u00e0s provas s\u00e3o as seguintes:<\/p>\n<p>.\u00a0 <a href=\"https:\/\/ebsmelgaco.com\/wpebs1\/wp-content\/uploads\/PROVAS_ENSAIO_2026_Nova_Calendarizacao.pdf\" target=\"_blank\" rel=\"noopener\">Calend\u00e1rio das Provas-Ensaio<\/a><br \/>.\u00a0 <a href=\"https:\/\/ebsmelgaco.com\/wpebs1\/wp-content\/uploads\/Guia_Provas_Ensaio_2026.pdf\" target=\"_blank\" rel=\"noopener\">Guia para a Realiza\u00e7\u00e3o das Provas-Ensaio<\/a><br \/>.\u00a0 <a href=\"https:\/\/ebsmelgaco.com\/wpebs1\/wp-content\/uploads\/Manual_de_Realizacao_2026.pdf\" target=\"_blank\" rel=\"noopener\">Manual APP de Realiza\u00e7\u00e3o<\/a><br \/>.\u00a0 <a href=\"https:\/\/iave.pt\/provas-e-exames\/provas-e-exames\/provas-ensaio\/\" target=\"_blank\" rel=\"noopener\">Provas-Ensaio de anos anteriores (IAVE)<\/a>\u00a0<br \/><br \/><\/p>\n\n\n\n<figure class=\"wp-block-table is-style-stripes\"><table class=\"has-border-color has-tertiary-border-color has-fixed-layout\"><tbody><tr><td class=\"has-text-align-center\" data-align=\"center\"><strong>Disciplina e<br>C\u00f3digo<\/strong><\/td><td class=\"has-text-align-center\" data-align=\"center\"><strong>Ano de Escolaridade<\/strong><\/td><td class=\"has-text-align-center\" data-align=\"center\"><strong>Data<\/strong><\/td><td class=\"has-text-align-center\" data-align=\"center\"><strong>Hora<\/strong><\/td><\/tr><tr><td class=\"has-text-align-center\" data-align=\"center\">Ingl\u00eas (65)<\/td><td class=\"has-text-align-center\" data-align=\"center\">6.\u00ba<\/td><td class=\"has-text-align-center\" data-align=\"center\">14\/04\/2026<br>(3.\u00aa feira)<\/td><td class=\"has-text-align-center\" data-align=\"center\">14:30<\/td><\/tr><tr><td class=\"has-text-align-center\" data-align=\"center\">Portugu\u00eas (41)<br>PLNM (43)<\/td><td class=\"has-text-align-center\" data-align=\"center\">4.\u00ba<\/td><td class=\"has-text-align-center\" data-align=\"center\">15\/04\/2026<br>(4.\u00aa feira)<\/td><td class=\"has-text-align-center\" data-align=\"center\">14:30<\/td><\/tr><tr><td class=\"has-text-align-center\" data-align=\"center\">Portugu\u00eas (61)<br>PLNM (63)<\/td><td class=\"has-text-align-center\" data-align=\"center\">6.\u00ba<\/td><td class=\"has-text-align-center\" data-align=\"center\">16\/04\/2026<br>(5.\u00aa feira)<\/td><td class=\"has-text-align-center\" data-align=\"center\">11:30<\/td><\/tr><tr><td class=\"has-text-align-center\" data-align=\"center\">Matem\u00e1tica (42)<\/td><td class=\"has-text-align-center\" data-align=\"center\">4.\u00ba<\/td><td class=\"has-text-align-center\" data-align=\"center\">17\/04\/2026<br>(6.\u00aa feira)<\/td><td class=\"has-text-align-center\" data-align=\"center\">11:00<\/td><\/tr><tr><td class=\"has-text-align-center\" data-align=\"center\">Matem\u00e1tica (68)<\/td><td class=\"has-text-align-center\" data-align=\"center\">6.\u00ba<\/td><td class=\"has-text-align-center\" data-align=\"center\">20\/04\/2026<br>(2.\u00aa feira)<\/td><td class=\"has-text-align-center\" data-align=\"center\">14:30<\/td><\/tr><tr><td class=\"has-text-align-center\" data-align=\"center\">&#8230;<\/td><td class=\"has-text-align-center\" data-align=\"center\">&#8230;<\/td><td class=\"has-text-align-center\" data-align=\"center\">&#8230;<\/td><td class=\"has-text-align-center\" data-align=\"center\">&#8230;<\/td><\/tr><tr><td class=\"has-text-align-center\" data-align=\"center\">Portugu\u00eas (91)<br>PLNM (94)<\/td><td class=\"has-text-align-center\" data-align=\"center\">9.\u00ba<\/td><td class=\"has-text-align-center\" data-align=\"center\">21\/04\/2026<br>(3.\u00aa feira)<\/td><td class=\"has-text-align-center\" data-align=\"center\">10:00<\/td><\/tr><tr><td class=\"has-text-align-center\" data-align=\"center\">Matem\u00e1tica (92)<\/td><td class=\"has-text-align-center\" data-align=\"center\">9.\u00ba<\/td><td class=\"has-text-align-center\" data-align=\"center\">23\/04\/2026<br>(5.\u00aa feira)<\/td><td class=\"has-text-align-center\" data-align=\"center\">10:00<\/td><\/tr><\/tbody><\/table><\/figure>\n\n\n\n<p><br>Transfer\u00eancia da aplica\u00e7\u00e3o <strong>Provas IAVE<\/strong> (de acordo com o sistema operativo)<\/p>\n\n\n\n<p class=\"has-tertiary-background-color has-background\">.&nbsp; <strong>Windows<\/strong>: <a href=\"https:\/\/assets.iave.pt\/production\/apps\/intuitivo-app\/v0.0.11\/Provas+IAVE-0.0.11.exe\" target=\"_blank\" rel=\"noreferrer noopener\">Aplica\u00e7\u00e3o Provas IAVE<\/a> &nbsp;(Tamanho: 176 MB)<br>.&nbsp; <strong>Linux<\/strong>: <a href=\"https:\/\/assets.iave.pt\/production\/apps\/intuitivo-app\/v0.0.11\/Provas+IAVE-0.0.11.AppImage\" target=\"_blank\" rel=\"noreferrer noopener\">Aplica\u00e7\u00e3o Provas IAVE<\/a> &nbsp;(Tamanho: 185 MB)<br>.&nbsp; <strong>macOS<\/strong>: <a href=\"https:\/\/assets.iave.pt\/production\/apps\/intuitivo-app\/v0.0.11\/Provas+IAVE-0.0.11.dmg\" target=\"_blank\" rel=\"noreferrer noopener\">Aplica\u00e7\u00e3o Provas IAVE<\/a>&nbsp;(Tamanho: 192 MB)<br>.&nbsp; <strong>iOS<\/strong>: <a href=\"https:\/\/apps.apple.com\/pt\/app\/intuitivo\/id6449191657\" target=\"_blank\" rel=\"noreferrer noopener\">Aplica\u00e7\u00e3o Provas IAVE<\/a><br>.&nbsp; <strong>Android<\/strong>: <a href=\"https:\/\/play.google.com\/store\/apps\/details?id=pt.intuititvo.mobileApp&amp;hl=pt_PT&amp;gl=US\" target=\"_blank\" rel=\"noreferrer noopener\">Aplica\u00e7\u00e3o Provas IAVE<\/a><\/p>\n","protected":false},"excerpt":{"rendered":"<p>Na sequ\u00eancia da realiza\u00e7\u00e3o em formato digital das Provas de Monitoriza\u00e7\u00e3o da Aprendizagem (ModA) e das Provas Finais do Ensino B\u00e1sico em formato digital ou h\u00edbrido e com o objetivo de preparar todos os alunos para a avalia\u00e7\u00e3o digital, de forma a que estejam em situa\u00e7\u00e3o de equidade no que diz respeito \u00e0 sua profici\u00eancia [&hellip;]<\/p>\n","protected":false},"author":1,"featured_media":0,"parent":0,"menu_order":0,"comment_status":"closed","ping_status":"closed","template":"","meta":{"footnotes":""},"class_list":["post-684","page","type-page","status-publish","hentry"],"_links":{"self":[{"href":"https:\/\/ebsmelgaco.com\/wpebs1\/wp-json\/wp\/v2\/pages\/684","targetHints":{"allow":["GET"]}}],"collection":[{"href":"https:\/\/ebsmelgaco.com\/wpebs1\/wp-json\/wp\/v2\/pages"}],"about":[{"href":"https:\/\/ebsmelgaco.com\/wpebs1\/wp-json\/wp\/v2\/types\/page"}],"author":[{"embeddable":true,"href":"https:\/\/ebsmelgaco.com\/wpebs1\/wp-json\/wp\/v2\/users\/1"}],"replies":[{"embeddable":true,"href":"https:\/\/ebsmelgaco.com\/wpebs1\/wp-json\/wp\/v2\/comments?post=684"}],"version-history":[{"count":28,"href":"https:\/\/ebsmelgaco.com\/wpebs1\/wp-json\/wp\/v2\/pages\/684\/revisions"}],"predecessor-version":[{"id":2699,"href":"https:\/\/ebsmelgaco.com\/wpebs1\/wp-json\/wp\/v2\/pages\/684\/revisions\/2699"}],"wp:attachment":[{"href":"https:\/\/ebsmelgaco.com\/wpebs1\/wp-json\/wp\/v2\/media?parent=684"}],"curies":[{"name":"wp","href":"https:\/\/api.w.org\/{rel}","templated":true}]}}