{"id":272,"date":"2025-04-09T19:43:28","date_gmt":"2025-04-09T19:43:28","guid":{"rendered":"https:\/\/ebsmelgaco.com\/wpebs1\/?page_id=272"},"modified":"2026-04-10T07:53:31","modified_gmt":"2026-04-10T07:53:31","slug":"contactos","status":"publish","type":"page","link":"https:\/\/ebsmelgaco.com\/wpebs1\/contactos\/","title":{"rendered":"Contactos"},"content":{"rendered":"\n<p><span style=\"color: #ff6600; font-size: 14pt;\">Escola B\u00e1sica e Secund\u00e1ria de Melga\u00e7o<\/span><\/p>\n<p>Avenida Capit\u00e3o Salgueiro Maia, n.\u00ba 385<br \/>4960-570 Melga\u00e7o<\/p>\n<p><span style=\"color: #000000;\">Telefone\u00a0<\/span><span style=\"color: #000000;\">Geral<\/span>:\u00a0 \u00a0251 400 400<br \/><span style=\"color: #000000;\">Dire\u00e7\u00e3o<\/span>:\u00a0 \u00a0251 400 401<br \/><span style=\"color: #000000;\">Servi\u00e7os Administrativos<\/span>:\u00a0 \u00a0251 400 405<\/p>\n<p><span style=\"color: #000000;\">E-mail<\/span>: direcao@aemelgaco.edu.gov.pt\u00a0 (apenas para institui\u00e7\u00f5es do Estado)<br \/><span style=\"color: #000000;\">Diretora<\/span>:\u00a0 \u00a0eb23s.diretora@sapo.pt<br \/>Diretora:\u00a0 \u00a0diretora@ebsmelgaco.com<br \/><span style=\"color: #000000;\">Servi\u00e7os Administrativos<\/span>:\u00a0 \u00a0escolamelgaco-sec@sapo.pt<br \/><span style=\"color: #000000;\">Biblioteca<\/span>:\u00a0 \u00a0bemelgaco@gmail.com<br \/><span style=\"color: #000000;\">Plano Tecnol\u00f3gico<\/span>:\u00a0 \u00a0ebsmelgaco@gmail.com<\/p>\n<hr \/>\n<p><span style=\"color: #ff6600; font-size: 14pt;\">Escola B\u00e1sica da Vila<\/span><\/p>\n<p>Avenida Capit\u00e3o Salgueiro Maia, n.\u00ba 385<br \/>4960-570 Melga\u00e7o<\/p>\n<p><span style=\"color: #000000;\">Telefone<\/span>:\u00a0 \u00a0 251 410 01<\/p>\n<hr \/>\n<p><span style=\"color: #ff6600; font-size: 14pt;\">Escola EB1\/JI de Pomares<\/span><\/p>\n<p>Pomares &#8211; Paderne<br \/>4960-255 Melga\u00e7o<\/p>\n<p><span style=\"color: #000000;\">Telefone<\/span>:\u00a0 \u00a0 251 487 03<\/p>\n","protected":false},"excerpt":{"rendered":"<p>Escola B\u00e1sica e Secund\u00e1ria de Melga\u00e7o Avenida Capit\u00e3o Salgueiro Maia, n.\u00ba 3854960-570 Melga\u00e7o Telefone\u00a0Geral:\u00a0 \u00a0251 400 400Dire\u00e7\u00e3o:\u00a0 \u00a0251 400 401Servi\u00e7os Administrativos:\u00a0 \u00a0251 400 405 E-mail: direcao@aemelgaco.edu.gov.pt\u00a0 (apenas para institui\u00e7\u00f5es do Estado)Diretora:\u00a0 \u00a0eb23s.diretora@sapo.ptDiretora:\u00a0 \u00a0diretora@ebsmelgaco.comServi\u00e7os Administrativos:\u00a0 \u00a0escolamelgaco-sec@sapo.ptBiblioteca:\u00a0 \u00a0bemelgaco@gmail.comPlano Tecnol\u00f3gico:\u00a0 \u00a0ebsmelgaco@gmail.com Escola B\u00e1sica da Vila Avenida Capit\u00e3o Salgueiro Maia, n.\u00ba 3854960-570 Melga\u00e7o Telefone:\u00a0 \u00a0 251 410 01 Escola [&hellip;]<\/p>\n","protected":false},"author":1,"featured_media":0,"parent":0,"menu_order":0,"comment_status":"closed","ping_status":"closed","template":"","meta":{"footnotes":""},"class_list":["post-272","page","type-page","status-publish","hentry"],"_links":{"self":[{"href":"https:\/\/ebsmelgaco.com\/wpebs1\/wp-json\/wp\/v2\/pages\/272","targetHints":{"allow":["GET"]}}],"collection":[{"href":"https:\/\/ebsmelgaco.com\/wpebs1\/wp-json\/wp\/v2\/pages"}],"about":[{"href":"https:\/\/ebsmelgaco.com\/wpebs1\/wp-json\/wp\/v2\/types\/page"}],"author":[{"embeddable":true,"href":"https:\/\/ebsmelgaco.com\/wpebs1\/wp-json\/wp\/v2\/users\/1"}],"replies":[{"embeddable":true,"href":"https:\/\/ebsmelgaco.com\/wpebs1\/wp-json\/wp\/v2\/comments?post=272"}],"version-history":[{"count":4,"href":"https:\/\/ebsmelgaco.com\/wpebs1\/wp-json\/wp\/v2\/pages\/272\/revisions"}],"predecessor-version":[{"id":2797,"href":"https:\/\/ebsmelgaco.com\/wpebs1\/wp-json\/wp\/v2\/pages\/272\/revisions\/2797"}],"wp:attachment":[{"href":"https:\/\/ebsmelgaco.com\/wpebs1\/wp-json\/wp\/v2\/media?parent=272"}],"curies":[{"name":"wp","href":"https:\/\/api.w.org\/{rel}","templated":true}]}}