{"id":269,"date":"2025-04-09T19:42:00","date_gmt":"2025-04-09T19:42:00","guid":{"rendered":"https:\/\/ebsmelgaco.com\/wpebs1\/?page_id=269"},"modified":"2025-06-12T21:38:49","modified_gmt":"2025-06-12T21:38:49","slug":"horario-dos-servicos","status":"publish","type":"page","link":"https:\/\/ebsmelgaco.com\/wpebs1\/horario-dos-servicos\/","title":{"rendered":"Hor\u00e1rio dos Servi\u00e7os"},"content":{"rendered":"\n<p><span style=\"color: #ff6600; font-size: 14pt;\">Escola B\u00e1sica e Secund\u00e1ria de Melga\u00e7o<\/span><\/p>\n<p><strong>\u00bb Servi\u00e7os Administrativos<\/strong><br \/><span style=\"color: #ffffff;\">.<\/span>\u00a0 Segunda a sexta:\u00a0 \u00a009:00 \u2013 17:30<br \/>\u00a0 \u00a0No m\u00eas de agosto:\u00a0 \u00a0Segunda a sexta:\u00a0 \u00a009:00 \u2013 12:30<span style=\"color: #ffffff;\">.<\/span>\u00a0 e\u00a0 \u00a014:00 \u2013 17:30<\/p>\n<p><strong>\u00bb Loja Escolar (Papelaria e Reprografia)<\/strong><br \/><span style=\"color: #ffffff;\">.<\/span>\u00a0 Segunda a sexta: 08:30 \u2013 17:15<\/p>\n<p><strong>\u00bb Refeit\u00f3rio<\/strong><br \/><span style=\"color: #ffffff;\">.<\/span>\u00a0 Segunda a sexta: 12:00 \u2013 14:30<\/p>\n<p><strong>\u00bb Biblioteca<\/strong><br \/><span style=\"color: #ffffff;\">.<\/span>\u00a0 Segunda a sexta: 08:30 \u2013 17:30<\/p>\n<p><strong>\u00bb Sala de Estudo<\/strong><br \/><span style=\"color: #ffffff;\">.<\/span>\u00a0 Segunda a sexta: 08:30 \u2013 17:30<\/p>\n<p><strong>\u00bb Bar\/Bufete<\/strong><br \/><span style=\"color: #ffffff;\">.<\/span>\u00a0 Segunda a sexta: 08:30 \u2013 12:00\u00a0 \u00a0e\u00a0 \u00a0 14:00 \u2013 16:40<\/p>\n","protected":false},"excerpt":{"rendered":"<p>Escola B\u00e1sica e Secund\u00e1ria de Melga\u00e7o \u00bb Servi\u00e7os Administrativos.\u00a0 Segunda a sexta:\u00a0 \u00a009:00 \u2013 17:30\u00a0 \u00a0No m\u00eas de agosto:\u00a0 \u00a0Segunda a sexta:\u00a0 \u00a009:00 \u2013 12:30.\u00a0 e\u00a0 \u00a014:00 \u2013 17:30 \u00bb Loja Escolar (Papelaria e Reprografia).\u00a0 Segunda a sexta: 08:30 \u2013 17:15 \u00bb Refeit\u00f3rio.\u00a0 Segunda a sexta: 12:00 \u2013 14:30 \u00bb Biblioteca.\u00a0 Segunda a sexta: 08:30 [&hellip;]<\/p>\n","protected":false},"author":1,"featured_media":0,"parent":0,"menu_order":0,"comment_status":"closed","ping_status":"closed","template":"","meta":{"footnotes":""},"class_list":["post-269","page","type-page","status-publish","hentry"],"_links":{"self":[{"href":"https:\/\/ebsmelgaco.com\/wpebs1\/wp-json\/wp\/v2\/pages\/269","targetHints":{"allow":["GET"]}}],"collection":[{"href":"https:\/\/ebsmelgaco.com\/wpebs1\/wp-json\/wp\/v2\/pages"}],"about":[{"href":"https:\/\/ebsmelgaco.com\/wpebs1\/wp-json\/wp\/v2\/types\/page"}],"author":[{"embeddable":true,"href":"https:\/\/ebsmelgaco.com\/wpebs1\/wp-json\/wp\/v2\/users\/1"}],"replies":[{"embeddable":true,"href":"https:\/\/ebsmelgaco.com\/wpebs1\/wp-json\/wp\/v2\/comments?post=269"}],"version-history":[{"count":5,"href":"https:\/\/ebsmelgaco.com\/wpebs1\/wp-json\/wp\/v2\/pages\/269\/revisions"}],"predecessor-version":[{"id":1571,"href":"https:\/\/ebsmelgaco.com\/wpebs1\/wp-json\/wp\/v2\/pages\/269\/revisions\/1571"}],"wp:attachment":[{"href":"https:\/\/ebsmelgaco.com\/wpebs1\/wp-json\/wp\/v2\/media?parent=269"}],"curies":[{"name":"wp","href":"https:\/\/api.w.org\/{rel}","templated":true}]}}