{"id":264,"date":"2025-04-09T19:38:03","date_gmt":"2025-04-09T19:38:03","guid":{"rendered":"https:\/\/ebsmelgaco.com\/wpebs1\/?page_id=264"},"modified":"2026-04-10T08:07:15","modified_gmt":"2026-04-10T08:07:15","slug":"plano-de-prevencao-de-riscos-de-corrupcao-e-infracoes-conexas","status":"publish","type":"page","link":"https:\/\/ebsmelgaco.com\/wpebs1\/plano-de-prevencao-de-riscos-de-corrupcao-e-infracoes-conexas\/","title":{"rendered":"Plano de Preven\u00e7\u00e3o de Riscos de Corrup\u00e7\u00e3o e Infra\u00e7\u00f5es Conexas"},"content":{"rendered":"\n<p style=\"text-align: justify;\">A <a href=\"https:\/\/diariodarepublica.pt\/dr\/detalhe\/resolucao-conselho-ministros\/37-2021-160893669\" target=\"_blank\" rel=\"noopener\">Resolu\u00e7\u00e3o do Conselho de Ministros n.\u00ba 37\/2021<\/a>, de 16 de abril, deu in\u00edcio \u00e0 Estrat\u00e9gia Nacional Anticorrup\u00e7\u00e3o 2020-2024. Neste \u00e2mbito, o <a href=\"https:\/\/diariodarepublica.pt\/dr\/detalhe\/decreto-lei\/109-e-2021-175659840\" target=\"_blank\" rel=\"noopener\">Decreto-Lei n.\u00ba 109-E\/2021<\/a>, de 9 de dezembro, veio proceder \u00e0 cria\u00e7\u00e3o do Mecanismo Nacional Anticorrup\u00e7\u00e3o (MENAC), entidade administrativa independente com personalidade jur\u00eddica de direito p\u00fablico e poderes de autoridade, dotada de autonomia administrativa e financeira, tendo como miss\u00e3o a promo\u00e7\u00e3o da transpar\u00eancia e da integridade na a\u00e7\u00e3o p\u00fablica, bem como garantir a efetiva implementa\u00e7\u00e3o de pol\u00edticas de preven\u00e7\u00e3o da corrup\u00e7\u00e3o e de infra\u00e7\u00f5es conexas. Este diploma estabelece o Regime Geral de Preven\u00e7\u00e3o da Corrup\u00e7\u00e3o (RGPC), dando destaque \u00e0s pol\u00edticas anticorrup\u00e7\u00e3o, enquanto instrumento de constru\u00e7\u00e3o de uma sociedade mais justa, capaz de restabelecer os la\u00e7os de confian\u00e7a entre os cidad\u00e3os e as suas institui\u00e7\u00f5es.<br \/>\u00c9 neste enquadramento que o Agrupamento de Escolas de Melga\u00e7o e as suas estruturas procederam \u00e0 elabora\u00e7\u00e3o e ado\u00e7\u00e3o do presente Plano de Preven\u00e7\u00e3o de Riscos de Corrup\u00e7\u00e3o e Infra\u00e7\u00f5es Conexas, documento que, como \u00e9 da sua natureza, traduz o resultado do processo de identifica\u00e7\u00e3o e caracteriza\u00e7\u00e3o dos riscos inerentes \u00e0 sua fun\u00e7\u00e3o e das correspondentes medidas de cuidado e preven\u00e7\u00e3o que considera mais ajustada para, de modo realista e exequ\u00edvel, os mitigar.<\/p>\n\n\n\n<p class=\"has-tertiary-background-color has-background\">Documentos relevantes<br>\u00bb \u00a0<a href=\"https:\/\/ebsmelgaco.com\/wpebs1\/wp-content\/uploads\/PLANO_DE_PREVENCAO.pdf\" target=\"_blank\" rel=\"noreferrer noopener\">Plano de Preven\u00e7\u00e3o de Riscos de Corrup\u00e7\u00e3o e Infra\u00e7\u00f5es Conexas<\/a><br>\u00bb \u00a0<a href=\"https:\/\/ebsmelgaco.com\/wpebs1\/wp-content\/uploads\/CODIGO_DE_CONDUTA_AEM.pdf\" target=\"_blank\" rel=\"noreferrer noopener\">C\u00f3digo de conduta<\/a><br>\u00bb \u00a0<a href=\"https:\/\/ebsmelgaco.com\/wpebs1\/wp-content\/uploads\/Programa_Formacao_Comunicacao_para_a_Integridade.pdf\" target=\"_blank\" rel=\"noreferrer noopener\">Programa de Forma\u00e7\u00e3o e Comunica\u00e7\u00e3o para a Integridade<\/a><br>\u00bb  Canal de den\u00fancias:  denuncias@ebsmelgaco.com<\/p>\n","protected":false},"excerpt":{"rendered":"<p>A Resolu\u00e7\u00e3o do Conselho de Ministros n.\u00ba 37\/2021, de 16 de abril, deu in\u00edcio \u00e0 Estrat\u00e9gia Nacional Anticorrup\u00e7\u00e3o 2020-2024. Neste \u00e2mbito, o Decreto-Lei n.\u00ba 109-E\/2021, de 9 de dezembro, veio proceder \u00e0 cria\u00e7\u00e3o do Mecanismo Nacional Anticorrup\u00e7\u00e3o (MENAC), entidade administrativa independente com personalidade jur\u00eddica de direito p\u00fablico e poderes de autoridade, dotada de autonomia administrativa [&hellip;]<\/p>\n","protected":false},"author":1,"featured_media":0,"parent":0,"menu_order":0,"comment_status":"closed","ping_status":"closed","template":"","meta":{"footnotes":""},"class_list":["post-264","page","type-page","status-publish","hentry"],"_links":{"self":[{"href":"https:\/\/ebsmelgaco.com\/wpebs1\/wp-json\/wp\/v2\/pages\/264","targetHints":{"allow":["GET"]}}],"collection":[{"href":"https:\/\/ebsmelgaco.com\/wpebs1\/wp-json\/wp\/v2\/pages"}],"about":[{"href":"https:\/\/ebsmelgaco.com\/wpebs1\/wp-json\/wp\/v2\/types\/page"}],"author":[{"embeddable":true,"href":"https:\/\/ebsmelgaco.com\/wpebs1\/wp-json\/wp\/v2\/users\/1"}],"replies":[{"embeddable":true,"href":"https:\/\/ebsmelgaco.com\/wpebs1\/wp-json\/wp\/v2\/comments?post=264"}],"version-history":[{"count":19,"href":"https:\/\/ebsmelgaco.com\/wpebs1\/wp-json\/wp\/v2\/pages\/264\/revisions"}],"predecessor-version":[{"id":2802,"href":"https:\/\/ebsmelgaco.com\/wpebs1\/wp-json\/wp\/v2\/pages\/264\/revisions\/2802"}],"wp:attachment":[{"href":"https:\/\/ebsmelgaco.com\/wpebs1\/wp-json\/wp\/v2\/media?parent=264"}],"curies":[{"name":"wp","href":"https:\/\/api.w.org\/{rel}","templated":true}]}}