{"id":256,"date":"2025-04-09T19:24:59","date_gmt":"2025-04-09T19:24:59","guid":{"rendered":"https:\/\/ebsmelgaco.com\/wpebs1\/?page_id=256"},"modified":"2025-11-10T18:51:09","modified_gmt":"2025-11-10T18:51:09","slug":"a-direcao","status":"publish","type":"page","link":"https:\/\/ebsmelgaco.com\/wpebs1\/a-direcao\/","title":{"rendered":"A Dire\u00e7\u00e3o"},"content":{"rendered":"\n<p>Composi\u00e7\u00e3o da Dire\u00e7\u00e3o do Agrupamento para o quadri\u00e9nio 2023\/2027<\/p>\n<p><strong>Diretora<\/strong>:\u00a0 Paula Cerqueira<br \/><strong>Subdiretora<\/strong>:\u00a0 T\u00e2nia Fernandes<\/p>\n<p><strong>Adjuntos<\/strong>:\u00a0 \u00a0Ars\u00e9nio Esteves<br \/><span style=\"color: #ffffff;\">.<\/span>\u00a0 \u00a0 \u00a0 \u00a0 \u00a0 \u00a0 \u00a0 \u00a0 \u00a0 Maria Lina Cunha<br \/><span style=\"color: #ffffff;\">.<\/span>\u00a0 \u00a0 \u00a0 \u00a0 \u00a0 \u00a0 \u00a0 \u00a0 \u00a0 Eva Sofia Codesso<\/p>\n<p><strong>Apoio T\u00e9cnico-Pedag\u00f3gico<\/strong>:\u00a0 \u00a0 \u00a0 Alzira de F\u00e1tima Domingues<br \/><span style=\"color: #ffffff;\">.<\/span><\/p>\n","protected":false},"excerpt":{"rendered":"<p>Composi\u00e7\u00e3o da Dire\u00e7\u00e3o do Agrupamento para o quadri\u00e9nio 2023\/2027 Diretora:\u00a0 Paula CerqueiraSubdiretora:\u00a0 T\u00e2nia Fernandes Adjuntos:\u00a0 \u00a0Ars\u00e9nio Esteves.\u00a0 \u00a0 \u00a0 \u00a0 \u00a0 \u00a0 \u00a0 \u00a0 \u00a0 Maria Lina Cunha.\u00a0 \u00a0 \u00a0 \u00a0 \u00a0 \u00a0 \u00a0 \u00a0 \u00a0 Eva Sofia Codesso Apoio T\u00e9cnico-Pedag\u00f3gico:\u00a0 \u00a0 \u00a0 Alzira de F\u00e1tima Domingues.<\/p>\n","protected":false},"author":1,"featured_media":0,"parent":0,"menu_order":0,"comment_status":"closed","ping_status":"closed","template":"","meta":{"footnotes":""},"class_list":["post-256","page","type-page","status-publish","hentry"],"_links":{"self":[{"href":"https:\/\/ebsmelgaco.com\/wpebs1\/wp-json\/wp\/v2\/pages\/256","targetHints":{"allow":["GET"]}}],"collection":[{"href":"https:\/\/ebsmelgaco.com\/wpebs1\/wp-json\/wp\/v2\/pages"}],"about":[{"href":"https:\/\/ebsmelgaco.com\/wpebs1\/wp-json\/wp\/v2\/types\/page"}],"author":[{"embeddable":true,"href":"https:\/\/ebsmelgaco.com\/wpebs1\/wp-json\/wp\/v2\/users\/1"}],"replies":[{"embeddable":true,"href":"https:\/\/ebsmelgaco.com\/wpebs1\/wp-json\/wp\/v2\/comments?post=256"}],"version-history":[{"count":2,"href":"https:\/\/ebsmelgaco.com\/wpebs1\/wp-json\/wp\/v2\/pages\/256\/revisions"}],"predecessor-version":[{"id":2212,"href":"https:\/\/ebsmelgaco.com\/wpebs1\/wp-json\/wp\/v2\/pages\/256\/revisions\/2212"}],"wp:attachment":[{"href":"https:\/\/ebsmelgaco.com\/wpebs1\/wp-json\/wp\/v2\/media?parent=256"}],"curies":[{"name":"wp","href":"https:\/\/api.w.org\/{rel}","templated":true}]}}