{"id":253,"date":"2025-04-09T19:21:29","date_gmt":"2025-04-09T19:21:29","guid":{"rendered":"https:\/\/ebsmelgaco.com\/wpebs1\/?page_id=253"},"modified":"2025-12-20T17:07:47","modified_gmt":"2025-12-20T17:07:47","slug":"o-conselho-geral","status":"publish","type":"page","link":"https:\/\/ebsmelgaco.com\/wpebs1\/o-conselho-geral\/","title":{"rendered":"O Conselho Geral"},"content":{"rendered":"\n<p style=\"text-align: justify;\">O conselho geral \u00e9 o \u00f3rg\u00e3o de dire\u00e7\u00e3o estrat\u00e9gica respons\u00e1vel pela defini\u00e7\u00e3o das linhas orientadoras da atividade da escola, assegurando a participa\u00e7\u00e3o e representa\u00e7\u00e3o da comunidade educativa, nos termos e para os efeitos do n.\u00ba 4 do artigo 48.\u00ba da Lei de Bases do Sistema Educativo, conforme o n.\u00ba 1 do art.\u00ba 11.\u00ba do Dec. Lei 75\/2008, de 22 de abril, com a reda\u00e7\u00e3o dada pelo Dec. Lei 137\/2012, de 2 de junho .<\/p>\n<p><span style=\"color: #ff6600;\"><strong><br \/><span style=\"color: #3366ff;\">Composi\u00e7\u00e3o do Conselho Geral<\/span><\/strong><span style=\"color: #3366ff;\"> (2023\/2027)<\/span><br \/><\/span><\/p>\n<p><strong>Presidente do Conselho Geral<\/strong><br \/>.\u00a0 Fernanda de Jesus Serra (Docente)<\/p>\n<p><strong>Diretora do Agrupamento<\/strong><br \/>.\u00a0 Paula Cerqueira<\/p>\n<p><strong>Representantes do Pessoal Docente<\/strong><br \/>.\u00a0 Fernando Augusto Braz dos Santos<br \/>.\u00a0 Luciano Patr\u00edcio Rodrigues Alves<br \/>.\u00a0 Alexandra Maria Rodrigues<br \/>.\u00a0 Gina Maria Sequeira Louren\u00e7o<br \/>.\u00a0 M\u00e1rio Jos\u00e9 Calado Ferreira Santos<br \/>.\u00a0 Maria Manuel Rodrigues Lopes Gon\u00e7alves<\/p>\n<p><strong>Representantes do Pessoal n\u00e3o Docente<\/strong><br \/>.\u00a0 Elvira da Gra\u00e7a Ramada da Costa<br \/>.\u00a0 Ana Maria Gon\u00e7alves Ara\u00fajo<\/p>\n<p><strong>Representantes dos Pais e Encarregados de Educa\u00e7\u00e3o<\/strong><br \/>.\u00a0 Patr\u00edcia Maria Lemos da Costa<br \/>.\u00a0 Fernando Alves Vaz<br \/>.\u00a0 Ana Rita Gon\u00e7alves<br \/>.\u00a0 Paulo Jorge Azevedo<\/p>\n<p><strong>Representantes dos Alunos<\/strong><br \/>.\u00a0 Maria Fernandes Rodrigues<br \/>.\u00a0 Tom\u00e1s Codesso Casal<\/p>\n<p><strong>Representantes do Munic\u00edpio<\/strong><br \/>.\u00a0 Manuel Jos\u00e9 Cardoso Rodrigues<br \/>.\u00a0 Liliana Alexandra Alves Gon\u00e7alves<br \/>.\u00a0 Maria Teresa Fernandes Rodrigues de Abreu<\/p>\n<p><strong>Representantes da Comunidade Local<\/strong><br \/>.\u00a0 Lu\u00eds Alexandre Valente de Matos<br \/>.\u00a0 Jos\u00e9 Pedro Arieiro Gon\u00e7alves Bezerra<br \/>.\u00a0 Alejandro Francisco Arias Igl\u00e9sias<br \/><span style=\"color: #ffffff;\">.<\/span><\/p>\n\n\n\n<p class=\"has-tertiary-background-color has-background\" style=\"margin-top:0;margin-right:0;margin-bottom:0;margin-left:0\">\u00bb<strong>\u00a0 <\/strong><a href=\"https:\/\/aemelgaco-my.sharepoint.com\/:f:\/g\/personal\/pte_ebsmelgaco_com\/Et1_0DLzSKFHh1WVWOW0K9cBrZ1JEw37yqe6uXqx5xGzMQ?e=BfmJ6H\" target=\"_blank\" rel=\"noreferrer noopener\">Convocat\u00f3rias e Minutas das atas do Conselho Geral<\/a><\/p>\n","protected":false},"excerpt":{"rendered":"<p>O conselho geral \u00e9 o \u00f3rg\u00e3o de dire\u00e7\u00e3o estrat\u00e9gica respons\u00e1vel pela defini\u00e7\u00e3o das linhas orientadoras da atividade da escola, assegurando a participa\u00e7\u00e3o e representa\u00e7\u00e3o da comunidade educativa, nos termos e para os efeitos do n.\u00ba 4 do artigo 48.\u00ba da Lei de Bases do Sistema Educativo, conforme o n.\u00ba 1 do art.\u00ba 11.\u00ba do Dec. [&hellip;]<\/p>\n","protected":false},"author":1,"featured_media":0,"parent":0,"menu_order":0,"comment_status":"closed","ping_status":"closed","template":"","meta":{"footnotes":""},"class_list":["post-253","page","type-page","status-publish","hentry"],"_links":{"self":[{"href":"https:\/\/ebsmelgaco.com\/wpebs1\/wp-json\/wp\/v2\/pages\/253","targetHints":{"allow":["GET"]}}],"collection":[{"href":"https:\/\/ebsmelgaco.com\/wpebs1\/wp-json\/wp\/v2\/pages"}],"about":[{"href":"https:\/\/ebsmelgaco.com\/wpebs1\/wp-json\/wp\/v2\/types\/page"}],"author":[{"embeddable":true,"href":"https:\/\/ebsmelgaco.com\/wpebs1\/wp-json\/wp\/v2\/users\/1"}],"replies":[{"embeddable":true,"href":"https:\/\/ebsmelgaco.com\/wpebs1\/wp-json\/wp\/v2\/comments?post=253"}],"version-history":[{"count":15,"href":"https:\/\/ebsmelgaco.com\/wpebs1\/wp-json\/wp\/v2\/pages\/253\/revisions"}],"predecessor-version":[{"id":2385,"href":"https:\/\/ebsmelgaco.com\/wpebs1\/wp-json\/wp\/v2\/pages\/253\/revisions\/2385"}],"wp:attachment":[{"href":"https:\/\/ebsmelgaco.com\/wpebs1\/wp-json\/wp\/v2\/media?parent=253"}],"curies":[{"name":"wp","href":"https:\/\/api.w.org\/{rel}","templated":true}]}}