{"id":249,"date":"2025-04-09T19:14:52","date_gmt":"2025-04-09T19:14:52","guid":{"rendered":"https:\/\/ebsmelgaco.com\/wpebs1\/?page_id=249"},"modified":"2025-06-13T08:47:06","modified_gmt":"2025-06-13T08:47:06","slug":"as-escolas-do-agrupamento","status":"publish","type":"page","link":"https:\/\/ebsmelgaco.com\/wpebs1\/as-escolas-do-agrupamento\/","title":{"rendered":"As Escolas do Agrupamento"},"content":{"rendered":"\n<p align=\"justify\">O Concelho de Melga\u00e7o, integrado no distrito de Viana do Castelo, no extremo Norte de Portugal, em pleno Alto Minho, estende-se desde o rio Minho at\u00e9 \u00e0s serras da Peneda e do Soajo.<\/p>\n<figure id=\"attachment_276\" aria-describedby=\"caption-attachment-276\" style=\"width: 585px\" class=\"wp-caption alignnone\"><img loading=\"lazy\" decoding=\"async\" class=\"wp-image-276 size-medium\" src=\"https:\/\/ebsmelgaco.com\/wpebs1\/wp-content\/uploads\/Escola_Melgaco01a-768x403-1-300x157.jpg\" alt=\"\" width=\"585\" height=\"307\" srcset=\"https:\/\/ebsmelgaco.com\/wpebs1\/wp-content\/uploads\/Escola_Melgaco01a-768x403-1-300x157.jpg 300w, https:\/\/ebsmelgaco.com\/wpebs1\/wp-content\/uploads\/Escola_Melgaco01a-768x403-1.jpg 768w\" sizes=\"auto, (max-width: 585px) 100vw, 585px\" \/><figcaption id=\"caption-attachment-276\" class=\"wp-caption-text\">Escola B\u00e1sica e Secund\u00e1ria de Melga\u00e7o<\/figcaption><\/figure>\n<p align=\"justify\">Ocupa uma superf\u00edcie de 232 quil\u00f3metros quadrados, dividida por dezoito freguesias, a saber: Alvaredo, Castro Laboreiro, Chavi\u00e3es, Cousso, Crist\u00f3val, Cubalh\u00e3o, Fi\u00e3es, Gave, Lamas de Mouro, Pa\u00e7os, Paderne, Parada do Monte, Penso, Prado, Remo\u00e3es, Roussas, S. Paio e Vila. Demarcado pelos rios Minho, Trancoso, Castro Laboreiro e Mouro, confronta com Arcos de Valdevez (em plena serra da Peneda), Mon\u00e7\u00e3o e com os Concelhos galegos de Entrimo, Verea, Lobera, Quintel de Leirado, Padrenda e Crecente.<\/p>\n<figure id=\"attachment_278\" aria-describedby=\"caption-attachment-278\" style=\"width: 585px\" class=\"wp-caption alignnone\"><img loading=\"lazy\" decoding=\"async\" class=\"wp-image-278 size-medium\" src=\"https:\/\/ebsmelgaco.com\/wpebs1\/wp-content\/uploads\/Escola_Vila02a-768x403-1-300x157.jpg\" alt=\"\" width=\"585\" height=\"306\" srcset=\"https:\/\/ebsmelgaco.com\/wpebs1\/wp-content\/uploads\/Escola_Vila02a-768x403-1-300x157.jpg 300w, https:\/\/ebsmelgaco.com\/wpebs1\/wp-content\/uploads\/Escola_Vila02a-768x403-1.jpg 768w\" sizes=\"auto, (max-width: 585px) 100vw, 585px\" \/><figcaption id=\"caption-attachment-278\" class=\"wp-caption-text\">Escola B\u00e1sica da Vila<\/figcaption><\/figure>\n<p align=\"justify\">A Vila dista 96 Km de Viana do Castelo, cerca de 100 Km de Braga e 160 Km do Porto. A cidade galega de Orense fica-lhe a 60 Km. Facilitando as liga\u00e7\u00f5es, privilegiadas, com a vizinha Galiza, Melga\u00e7o conta com tr\u00eas fronteiras: a principal, a de S. Greg\u00f3rio, a cerca de nove quil\u00f3metros da Vila, junto \u00e0 povoa\u00e7\u00e3o galega de Puente Barjas; a da Ameijoeira, na zona montanhosa da freguesia de Castro Laboreiro, ligando a Entrimo; e a de S. Marcos, no lugar de Peso (Paderne), ligando \u00e0 povoa\u00e7\u00e3o de Arbo, na Galiza, atrav\u00e9s da ponte internacional.<\/p>\n<figure id=\"attachment_277\" aria-describedby=\"caption-attachment-277\" style=\"width: 582px\" class=\"wp-caption alignnone\"><img loading=\"lazy\" decoding=\"async\" class=\"wp-image-277 size-medium\" src=\"https:\/\/ebsmelgaco.com\/wpebs1\/wp-content\/uploads\/Escola_Pomares01a-768x403-1-300x157.jpg\" alt=\"\" width=\"582\" height=\"305\" srcset=\"https:\/\/ebsmelgaco.com\/wpebs1\/wp-content\/uploads\/Escola_Pomares01a-768x403-1-300x157.jpg 300w, https:\/\/ebsmelgaco.com\/wpebs1\/wp-content\/uploads\/Escola_Pomares01a-768x403-1.jpg 768w\" sizes=\"auto, (max-width: 582px) 100vw, 582px\" \/><figcaption id=\"caption-attachment-277\" class=\"wp-caption-text\">Escola EB1\/JI de Pomares<\/figcaption><\/figure>\n<p align=\"justify\">O Agrupamento de Escolas de Melga\u00e7o foi criado no ano letivo 2002\/2003, resultando de um processo de reorganiza\u00e7\u00e3o escolar. \u00c9 constitu\u00eddo por 3 estabelecimentos de educa\u00e7\u00e3o\/ensino n\u00e3o superior: a Escola B\u00e1sica e Secund\u00e1ria de Melga\u00e7o (escola sede), a Escola B\u00e1sica da Vila e a EB1\/JI de Pomares. Estas funcionam em centros escolares, com instala\u00e7\u00f5es e equipamentos considerados adequados e apropriados para o desenvolvimento da pr\u00e1tica pedag\u00f3gica e atividades l\u00fadicas de recreio. Disp\u00f5em de instala\u00e7\u00f5es desportivas (pavilh\u00f5es gimnodesportivos), refeit\u00f3rios, bibliotecas escolares, est\u00e3o apetrechadas com v\u00e1rios equipamentos tecnol\u00f3gicos e inform\u00e1ticos, possuem acesso \u00e0 Internet e t\u00eam diferentes espa\u00e7os verdes.<\/p>\n<p>Fonte: PE<\/p>\n","protected":false},"excerpt":{"rendered":"<p>O Concelho de Melga\u00e7o, integrado no distrito de Viana do Castelo, no extremo Norte de Portugal, em pleno Alto Minho, estende-se desde o rio Minho at\u00e9 \u00e0s serras da Peneda e do Soajo. Ocupa uma superf\u00edcie de 232 quil\u00f3metros quadrados, dividida por dezoito freguesias, a saber: Alvaredo, Castro Laboreiro, Chavi\u00e3es, Cousso, Crist\u00f3val, Cubalh\u00e3o, Fi\u00e3es, Gave, [&hellip;]<\/p>\n","protected":false},"author":1,"featured_media":0,"parent":0,"menu_order":0,"comment_status":"closed","ping_status":"closed","template":"","meta":{"footnotes":""},"class_list":["post-249","page","type-page","status-publish","hentry"],"_links":{"self":[{"href":"https:\/\/ebsmelgaco.com\/wpebs1\/wp-json\/wp\/v2\/pages\/249","targetHints":{"allow":["GET"]}}],"collection":[{"href":"https:\/\/ebsmelgaco.com\/wpebs1\/wp-json\/wp\/v2\/pages"}],"about":[{"href":"https:\/\/ebsmelgaco.com\/wpebs1\/wp-json\/wp\/v2\/types\/page"}],"author":[{"embeddable":true,"href":"https:\/\/ebsmelgaco.com\/wpebs1\/wp-json\/wp\/v2\/users\/1"}],"replies":[{"embeddable":true,"href":"https:\/\/ebsmelgaco.com\/wpebs1\/wp-json\/wp\/v2\/comments?post=249"}],"version-history":[{"count":7,"href":"https:\/\/ebsmelgaco.com\/wpebs1\/wp-json\/wp\/v2\/pages\/249\/revisions"}],"predecessor-version":[{"id":1708,"href":"https:\/\/ebsmelgaco.com\/wpebs1\/wp-json\/wp\/v2\/pages\/249\/revisions\/1708"}],"wp:attachment":[{"href":"https:\/\/ebsmelgaco.com\/wpebs1\/wp-json\/wp\/v2\/media?parent=249"}],"curies":[{"name":"wp","href":"https:\/\/api.w.org\/{rel}","templated":true}]}}