{"id":2,"date":"2024-12-14T19:43:40","date_gmt":"2024-12-14T19:43:40","guid":{"rendered":"https:\/\/ebsmelgaco.com\/wpebs1\/?page_id=2"},"modified":"2026-03-31T09:49:40","modified_gmt":"2026-03-31T09:49:40","slug":"pagina-exemplo-2","status":"publish","type":"page","link":"https:\/\/ebsmelgaco.com\/wpebs1\/","title":{"rendered":"P\u00e1gina inicial"},"content":{"rendered":"\n\n\n\n<hr class=\"wp-block-separator has-text-color has-cyan-bluish-gray-color has-alpha-channel-opacity has-cyan-bluish-gray-background-color has-background is-style-wide\"\/>\n\n\n<div class='pt-cv-wrapper'> <div class=\"pt-cv-view pt-cv-blockgrid iscvblock iscvreal grid1 layout1\" id=\"pt-cv-view-msm40fb0\"><div data-id=\"pt-cv-page-1\" class=\"pt-cv-page\" data-cvc=\"3\"><div class=\" pt-cv-content-item pt-cv-1-col\" ><div class=\"pt-cv-thumb-wrapper  \"><a href=\"https:\/\/ebsmelgaco.com\/wpebs1\/2026\/04\/10\/visita-de-estudo-a-viana-do-castelo\/\" class=\"_self pt-cv-href-thumbnail pt-cv-thumb-default\" target=\"_self\" ><img loading=\"lazy\" decoding=\"async\" width=\"800\" height=\"500\" src=\"https:\/\/ebsmelgaco.com\/wpebs1\/wp-content\/uploads\/IMG_20260325_800x500.jpg\" class=\"pt-cv-thumbnail\" alt=\"\" \/><\/a><\/div>\n<h4 class=\"pt-cv-title\"><a href=\"https:\/\/ebsmelgaco.com\/wpebs1\/2026\/04\/10\/visita-de-estudo-a-viana-do-castelo\/\" class=\"_self\" target=\"_self\" >Visita de estudo a Viana do Castelo<\/a><\/h4><\/div>\n<div class=\" pt-cv-content-item pt-cv-1-col\" ><div class=\"pt-cv-thumb-wrapper  \"><a href=\"https:\/\/ebsmelgaco.com\/wpebs1\/2026\/04\/01\/e-se-fosse-hoje\/\" class=\"_self pt-cv-href-thumbnail pt-cv-thumb-default\" target=\"_self\" ><img loading=\"lazy\" decoding=\"async\" width=\"2000\" height=\"1250\" src=\"https:\/\/ebsmelgaco.com\/wpebs1\/wp-content\/uploads\/E_se_fosse_hoje_800x500.jpg\" class=\"pt-cv-thumbnail\" alt=\"\" \/><\/a><\/div>\n<h4 class=\"pt-cv-title\"><a href=\"https:\/\/ebsmelgaco.com\/wpebs1\/2026\/04\/01\/e-se-fosse-hoje\/\" class=\"_self\" target=\"_self\" >E se fosse hoje?<\/a><\/h4><\/div>\n<div class=\" pt-cv-content-item pt-cv-1-col\" ><div class=\"pt-cv-thumb-wrapper  \"><a href=\"https:\/\/ebsmelgaco.com\/wpebs1\/2026\/03\/31\/participacao-no-eudamus-2026\/\" class=\"_self pt-cv-href-thumbnail pt-cv-thumb-default\" target=\"_self\" ><img loading=\"lazy\" decoding=\"async\" width=\"800\" height=\"500\" src=\"https:\/\/ebsmelgaco.com\/wpebs1\/wp-content\/uploads\/Edamus_2026.png\" class=\"pt-cv-thumbnail\" alt=\"\" \/><\/a><\/div>\n<h4 class=\"pt-cv-title\"><a href=\"https:\/\/ebsmelgaco.com\/wpebs1\/2026\/03\/31\/participacao-no-eudamus-2026\/\" class=\"_self\" target=\"_self\" >Participa\u00e7\u00e3o no EuDaMuS 2026<\/a><\/h4><\/div>\n<div class=\" pt-cv-content-item pt-cv-1-col\" ><div class=\"pt-cv-thumb-wrapper  \"><a href=\"https:\/\/ebsmelgaco.com\/wpebs1\/2026\/03\/31\/indisciplinar-a-matematica\/\" class=\"_self pt-cv-href-thumbnail pt-cv-thumb-default\" target=\"_self\" ><img loading=\"lazy\" decoding=\"async\" width=\"800\" height=\"500\" src=\"https:\/\/ebsmelgaco.com\/wpebs1\/wp-content\/uploads\/Indisciplinar_800x500.png\" class=\"pt-cv-thumbnail\" alt=\"\" \/><\/a><\/div>\n<h4 class=\"pt-cv-title\"><a href=\"https:\/\/ebsmelgaco.com\/wpebs1\/2026\/03\/31\/indisciplinar-a-matematica\/\" class=\"_self\" target=\"_self\" >&#8220;Indisciplinar&#8221; a Matem\u00e1tica<\/a><\/h4><\/div>\n<div class=\" pt-cv-content-item pt-cv-1-col\" ><div class=\"pt-cv-thumb-wrapper  \"><a href=\"https:\/\/ebsmelgaco.com\/wpebs1\/2026\/03\/19\/dia-do-pi\/\" class=\"_self pt-cv-href-thumbnail pt-cv-thumb-default\" target=\"_self\" ><img loading=\"lazy\" decoding=\"async\" width=\"800\" height=\"500\" src=\"https:\/\/ebsmelgaco.com\/wpebs1\/wp-content\/uploads\/DiaPi_2026-077_800x500.jpg\" class=\"pt-cv-thumbnail\" alt=\"\" \/><\/a><\/div>\n<h4 class=\"pt-cv-title\"><a href=\"https:\/\/ebsmelgaco.com\/wpebs1\/2026\/03\/19\/dia-do-pi\/\" class=\"_self\" target=\"_self\" >Dia do Pi<\/a><\/h4><\/div>\n<div class=\" pt-cv-content-item pt-cv-1-col\" ><div class=\"pt-cv-thumb-wrapper  \"><a href=\"https:\/\/ebsmelgaco.com\/wpebs1\/2026\/03\/06\/narrativas-visuais-em-cartaz\/\" class=\"_self pt-cv-href-thumbnail pt-cv-thumb-default\" target=\"_self\" ><img loading=\"lazy\" decoding=\"async\" width=\"800\" height=\"500\" src=\"https:\/\/ebsmelgaco.com\/wpebs1\/wp-content\/uploads\/IMG_20260219_200517_800x500.jpg\" class=\"pt-cv-thumbnail\" alt=\"\" \/><\/a><\/div>\n<h4 class=\"pt-cv-title\"><a href=\"https:\/\/ebsmelgaco.com\/wpebs1\/2026\/03\/06\/narrativas-visuais-em-cartaz\/\" class=\"_self\" target=\"_self\" >Narrativas Visuais em Cartaz<\/a><\/h4><\/div>\n<div class=\" pt-cv-content-item pt-cv-1-col\" ><div class=\"pt-cv-thumb-wrapper  \"><a href=\"https:\/\/ebsmelgaco.com\/wpebs1\/2026\/03\/05\/s-valentim-afetos-que-aproximam\/\" class=\"_self pt-cv-href-thumbnail pt-cv-thumb-default\" target=\"_self\" ><img loading=\"lazy\" decoding=\"async\" width=\"800\" height=\"500\" src=\"https:\/\/ebsmelgaco.com\/wpebs1\/wp-content\/uploads\/Im1_afetos_800x500.jpg\" class=\"pt-cv-thumbnail\" alt=\"\" \/><\/a><\/div>\n<h4 class=\"pt-cv-title\"><a href=\"https:\/\/ebsmelgaco.com\/wpebs1\/2026\/03\/05\/s-valentim-afetos-que-aproximam\/\" class=\"_self\" target=\"_self\" >S. Valentim\/Afetos que Aproximam<\/a><\/h4><\/div>\n<div class=\" pt-cv-content-item pt-cv-1-col\" ><div class=\"pt-cv-thumb-wrapper  \"><a href=\"https:\/\/ebsmelgaco.com\/wpebs1\/2025\/12\/05\/dia-mundial-da-filosofia\/\" class=\"_self pt-cv-href-thumbnail pt-cv-thumb-default\" target=\"_self\" ><img loading=\"lazy\" decoding=\"async\" width=\"800\" height=\"500\" src=\"https:\/\/ebsmelgaco.com\/wpebs1\/wp-content\/uploads\/IMG_20251120_160309_800x500.jpg\" class=\"pt-cv-thumbnail\" alt=\"\" \/><\/a><\/div>\n<h4 class=\"pt-cv-title\"><a href=\"https:\/\/ebsmelgaco.com\/wpebs1\/2025\/12\/05\/dia-mundial-da-filosofia\/\" class=\"_self\" target=\"_self\" >Dia Mundial da Filosofia<\/a><\/h4><\/div>\n<div class=\" pt-cv-content-item pt-cv-1-col\" ><div class=\"pt-cv-thumb-wrapper  \"><a href=\"https:\/\/ebsmelgaco.com\/wpebs1\/2025\/12\/04\/ha-engenharia-em-mim\/\" class=\"_self pt-cv-href-thumbnail pt-cv-thumb-default\" target=\"_self\" ><img loading=\"lazy\" decoding=\"async\" width=\"800\" height=\"500\" src=\"https:\/\/ebsmelgaco.com\/wpebs1\/wp-content\/uploads\/20251126_114613_800x500.jpg\" class=\"pt-cv-thumbnail\" alt=\"\" \/><\/a><\/div>\n<h4 class=\"pt-cv-title\"><a href=\"https:\/\/ebsmelgaco.com\/wpebs1\/2025\/12\/04\/ha-engenharia-em-mim\/\" class=\"_self\" target=\"_self\" >H\u00e1 Engenharia em Mim<\/a><\/h4><\/div>\n<div class=\" pt-cv-content-item pt-cv-1-col\" ><div class=\"pt-cv-thumb-wrapper  \"><a href=\"https:\/\/ebsmelgaco.com\/wpebs1\/2025\/11\/27\/dia-mundial-da-ciencia\/\" class=\"_self pt-cv-href-thumbnail pt-cv-thumb-default\" target=\"_self\" ><img loading=\"lazy\" decoding=\"async\" width=\"800\" height=\"500\" src=\"https:\/\/ebsmelgaco.com\/wpebs1\/wp-content\/uploads\/20251124_111730_800x500.jpg\" class=\"pt-cv-thumbnail\" alt=\"\" \/><\/a><\/div>\n<h4 class=\"pt-cv-title\"><a href=\"https:\/\/ebsmelgaco.com\/wpebs1\/2025\/11\/27\/dia-mundial-da-ciencia\/\" class=\"_self\" target=\"_self\" >Dia Mundial da Ci\u00eancia<\/a><\/h4><\/div>\n<div class=\" pt-cv-content-item pt-cv-1-col\" ><div class=\"pt-cv-thumb-wrapper  \"><a href=\"https:\/\/ebsmelgaco.com\/wpebs1\/2025\/11\/24\/corta-mato-escolar-um-sucesso-de-participacao-e-espirito-desportivo\/\" class=\"_self pt-cv-href-thumbnail pt-cv-thumb-default\" target=\"_self\" ><img loading=\"lazy\" decoding=\"async\" width=\"800\" height=\"500\" src=\"https:\/\/ebsmelgaco.com\/wpebs1\/wp-content\/uploads\/IMG-20251031-WA0164_800x500.jpg\" class=\"pt-cv-thumbnail\" alt=\"\" \/><\/a><\/div>\n<h4 class=\"pt-cv-title\"><a href=\"https:\/\/ebsmelgaco.com\/wpebs1\/2025\/11\/24\/corta-mato-escolar-um-sucesso-de-participacao-e-espirito-desportivo\/\" class=\"_self\" target=\"_self\" >Corta-Mato Escolar: Um Sucesso de Participa\u00e7\u00e3o e Esp\u00edrito Desportivo<\/a><\/h4><\/div>\n<div class=\" pt-cv-content-item pt-cv-1-col\" ><div class=\"pt-cv-thumb-wrapper  \"><a href=\"https:\/\/ebsmelgaco.com\/wpebs1\/2025\/11\/07\/mes-da-alimentacao\/\" class=\"_self pt-cv-href-thumbnail pt-cv-thumb-default\" target=\"_self\" ><img loading=\"lazy\" decoding=\"async\" width=\"800\" height=\"500\" src=\"https:\/\/ebsmelgaco.com\/wpebs1\/wp-content\/uploads\/MesAlimentacao2025010_800x500.jpg\" class=\"pt-cv-thumbnail\" alt=\"\" \/><\/a><\/div>\n<h4 class=\"pt-cv-title\"><a href=\"https:\/\/ebsmelgaco.com\/wpebs1\/2025\/11\/07\/mes-da-alimentacao\/\" class=\"_self\" target=\"_self\" >M\u00eas da Alimenta\u00e7\u00e3o<\/a><\/h4><\/div>\n<div class=\" pt-cv-content-item pt-cv-1-col\" ><div class=\"pt-cv-thumb-wrapper  \"><a href=\"https:\/\/ebsmelgaco.com\/wpebs1\/2025\/11\/06\/halloween-little-scary-shoes-or-boots\/\" class=\"_self pt-cv-href-thumbnail pt-cv-thumb-default\" target=\"_self\" ><img loading=\"lazy\" decoding=\"async\" width=\"800\" height=\"500\" src=\"https:\/\/ebsmelgaco.com\/wpebs1\/wp-content\/uploads\/IMG_20251031_112550_800x500.jpg\" class=\"pt-cv-thumbnail\" alt=\"\" \/><\/a><\/div>\n<h4 class=\"pt-cv-title\"><a href=\"https:\/\/ebsmelgaco.com\/wpebs1\/2025\/11\/06\/halloween-little-scary-shoes-or-boots\/\" class=\"_self\" target=\"_self\" >Halloween little scary shoes \nor boots<\/a><\/h4><\/div>\n<div class=\" pt-cv-content-item pt-cv-1-col\" ><div class=\"pt-cv-thumb-wrapper  \"><a href=\"https:\/\/ebsmelgaco.com\/wpebs1\/2025\/11\/06\/onda-rosa-rota-rosa\/\" class=\"_self pt-cv-href-thumbnail pt-cv-thumb-default\" target=\"_self\" ><img loading=\"lazy\" decoding=\"async\" width=\"800\" height=\"500\" src=\"https:\/\/ebsmelgaco.com\/wpebs1\/wp-content\/uploads\/OndaRosa2025_800x500.png\" class=\"pt-cv-thumbnail\" alt=\"\" \/><\/a><\/div>\n<h4 class=\"pt-cv-title\"><a href=\"https:\/\/ebsmelgaco.com\/wpebs1\/2025\/11\/06\/onda-rosa-rota-rosa\/\" class=\"_self\" target=\"_self\" >Onda Rosa \u2013 Rota Rosa<\/a><\/h4><\/div>\n<div class=\" pt-cv-content-item pt-cv-1-col\" ><div class=\"pt-cv-thumb-wrapper  \"><a href=\"https:\/\/ebsmelgaco.com\/wpebs1\/2025\/11\/03\/corta-mato-escolar-e-caminhada-rosa\/\" class=\"_self pt-cv-href-thumbnail pt-cv-thumb-default\" target=\"_self\" ><img loading=\"lazy\" decoding=\"async\" width=\"800\" height=\"500\" src=\"https:\/\/ebsmelgaco.com\/wpebs1\/wp-content\/uploads\/IMG-20251031-WA0166_800x500.jpg\" class=\"pt-cv-thumbnail\" alt=\"\" \/><\/a><\/div>\n<h4 class=\"pt-cv-title\"><a href=\"https:\/\/ebsmelgaco.com\/wpebs1\/2025\/11\/03\/corta-mato-escolar-e-caminhada-rosa\/\" class=\"_self\" target=\"_self\" >Corta-Mato Escolar e Caminhada Rosa<\/a><\/h4><\/div>\n<div class=\" pt-cv-content-item pt-cv-1-col\" ><div class=\"pt-cv-thumb-wrapper  \"><a href=\"https:\/\/ebsmelgaco.com\/wpebs1\/2025\/10\/27\/harry-potter-vem-a-escola\/\" class=\"_self pt-cv-href-thumbnail pt-cv-thumb-default\" target=\"_self\" ><img loading=\"lazy\" decoding=\"async\" width=\"1440\" height=\"900\" src=\"https:\/\/ebsmelgaco.com\/wpebs1\/wp-content\/uploads\/thumbnail_IMG_1266_800x500.jpg\" class=\"pt-cv-thumbnail\" alt=\"\" \/><\/a><\/div>\n<h4 class=\"pt-cv-title\"><a href=\"https:\/\/ebsmelgaco.com\/wpebs1\/2025\/10\/27\/harry-potter-vem-a-escola\/\" class=\"_self\" target=\"_self\" >Harry Potter vem \u00e0 escola\u2026<\/a><\/h4><\/div>\n<div class=\" pt-cv-content-item pt-cv-1-col\" ><div class=\"pt-cv-thumb-wrapper  \"><a href=\"https:\/\/ebsmelgaco.com\/wpebs1\/2025\/10\/23\/melgaco-e-o-seu-pao-recuperar-a-tradicao\/\" class=\"_self pt-cv-href-thumbnail pt-cv-thumb-default\" target=\"_self\" ><img loading=\"lazy\" decoding=\"async\" width=\"800\" height=\"500\" src=\"https:\/\/ebsmelgaco.com\/wpebs1\/wp-content\/uploads\/IMG_20251020_092446_800x500.jpg\" class=\"pt-cv-thumbnail\" alt=\"\" \/><\/a><\/div>\n<h4 class=\"pt-cv-title\"><a href=\"https:\/\/ebsmelgaco.com\/wpebs1\/2025\/10\/23\/melgaco-e-o-seu-pao-recuperar-a-tradicao\/\" class=\"_self\" target=\"_self\" >Melga\u00e7o e o Seu P\u00e3o Recuperar a Tradi\u00e7\u00e3o<\/a><\/h4><\/div>\n<div class=\" pt-cv-content-item pt-cv-1-col\" ><div class=\"pt-cv-thumb-wrapper  \"><a href=\"https:\/\/ebsmelgaco.com\/wpebs1\/2025\/07\/21\/conquista-do-2-o-lugar-no-desafio-jardim-de-polinizadores\/\" class=\"_self pt-cv-href-thumbnail pt-cv-thumb-default\" target=\"_self\" ><img loading=\"lazy\" decoding=\"async\" width=\"800\" height=\"500\" src=\"https:\/\/ebsmelgaco.com\/wpebs1\/wp-content\/uploads\/JardinsPolinizadores_800x500.jpg\" class=\"pt-cv-thumbnail\" alt=\"\" \/><\/a><\/div>\n<h4 class=\"pt-cv-title\"><a href=\"https:\/\/ebsmelgaco.com\/wpebs1\/2025\/07\/21\/conquista-do-2-o-lugar-no-desafio-jardim-de-polinizadores\/\" class=\"_self\" target=\"_self\" >Conquista do 2.\u00ba lugar no desafio\u00a0\u201cJardim de Polinizadores\u201d<\/a><\/h4><\/div><\/div><\/div> <\/div> <style>\n\n#pt-cv-view-msm40fb0 .pt-cv-meta-fields {  }#pt-cv-view-msm40fb0 .pt-cv-meta-fields * { font-size: 13px; }#pt-cv-view-msm40fb0 .pt-cv-title a { text-align: center;display: block;color: #606060; }#pt-cv-view-msm40fb0 .pt-cv-title:not(.pt-cv-titlesm) a { font-weight: 400;font-style: normal;text-decoration: initial;font-size: 16px; }#pt-cv-view-msm40fb0 .pt-cv-titlesm a { font-weight: 600;font-size: 18px; }#pt-cv-view-msm40fb0 .pt-cv-content { font-size: 15px; }#pt-cv-view-msm40fb0 .pt-cv-rmwrap {  }#pt-cv-view-msm40fb0 .pt-cv-readmore { color: #fff;background-color: #0075ff;font-size: 14px; }#pt-cv-view-msm40fb0 .pt-cv-taxoterm {  }#pt-cv-view-msm40fb0 .pt-cv-taxoterm * { color: #222;background-color: #fff6f6;font-size: 14px; }#pt-cv-view-msm40fb0 + .pt-cv-pagination-wrapper {  }#pt-cv-view-msm40fb0 + .pt-cv-pagination-wrapper a { font-size: 14px; }#pt-cv-view-msm40fb0 > .pt-cv-page {grid-template-columns: repeat(3, 1fr);grid-gap: 20px;}\n@media all and (max-width: 1024px) { \n#pt-cv-view-msm40fb0 > .pt-cv-page {}\n} \n@media all and (max-width: 767px) { \n#pt-cv-view-msm40fb0 > .pt-cv-page {grid-template-columns: repeat(1, 1fr);}\n} <\/style><link href='\/\/fonts.googleapis.com\/css?family=Default' rel='stylesheet' type='text\/css'>","protected":false},"excerpt":{"rendered":"","protected":false},"author":1,"featured_media":0,"parent":0,"menu_order":0,"comment_status":"closed","ping_status":"open","template":"","meta":{"footnotes":""},"class_list":["post-2","page","type-page","status-publish","hentry"],"_links":{"self":[{"href":"https:\/\/ebsmelgaco.com\/wpebs1\/wp-json\/wp\/v2\/pages\/2","targetHints":{"allow":["GET"]}}],"collection":[{"href":"https:\/\/ebsmelgaco.com\/wpebs1\/wp-json\/wp\/v2\/pages"}],"about":[{"href":"https:\/\/ebsmelgaco.com\/wpebs1\/wp-json\/wp\/v2\/types\/page"}],"author":[{"embeddable":true,"href":"https:\/\/ebsmelgaco.com\/wpebs1\/wp-json\/wp\/v2\/users\/1"}],"replies":[{"embeddable":true,"href":"https:\/\/ebsmelgaco.com\/wpebs1\/wp-json\/wp\/v2\/comments?post=2"}],"version-history":[{"count":63,"href":"https:\/\/ebsmelgaco.com\/wpebs1\/wp-json\/wp\/v2\/pages\/2\/revisions"}],"predecessor-version":[{"id":2753,"href":"https:\/\/ebsmelgaco.com\/wpebs1\/wp-json\/wp\/v2\/pages\/2\/revisions\/2753"}],"wp:attachment":[{"href":"https:\/\/ebsmelgaco.com\/wpebs1\/wp-json\/wp\/v2\/media?parent=2"}],"curies":[{"name":"wp","href":"https:\/\/api.w.org\/{rel}","templated":true}]}}