{"id":1596,"date":"2025-06-12T22:06:36","date_gmt":"2025-06-12T22:06:36","guid":{"rendered":"https:\/\/ebsmelgaco.com\/wpebs1\/?page_id=1596"},"modified":"2025-06-12T22:09:56","modified_gmt":"2025-06-12T22:09:56","slug":"programa-erasmus","status":"publish","type":"page","link":"https:\/\/ebsmelgaco.com\/wpebs1\/programa-erasmus\/","title":{"rendered":"Programa Erasmus+"},"content":{"rendered":"\n<p><strong>PROJETO N.\u00ba 2023-1-PT01-KA 122-SCH-000149546<\/strong><br \/><strong>&#8220;INCLUSIVE FUTURES: PROMOTING EQUITY AND DIVERSITY IN SCHOOLS &#8211; CI\u00caNCIAS&#8221;<\/strong><\/p>\n<p style=\"text-align: justify;\"><br \/>Com este projeto, pretendeu-se proporcionar aos alunos a oportunidade de experienciar uma mobilidade internacional e promover o desenvolvimento de compet\u00eancias pessoais e profissionais. Assim, o projeto contribuiu para o desenvolvimento pessoal e profissional dos alunos, nomeadamente, atrav\u00e9s do desenvolvimento da autonomia, responsabilidade, resili\u00eancia, adaptabilidade, potenciando-os de compet\u00eancias que os preparem para um mercado de trabalho mais competitivo e para a empregabilidade.<br \/>Assim, para al\u00e9m de se familiarizarem com os Objetivos de Desenvolvimento Sustent\u00e1vel 2030 e com as Youth Goals, os alunos desenvolveram compet\u00eancias interculturais, pessoais, de trabalho, organizativas e de comunica\u00e7\u00e3o muito relevantes e desenharam projetos de interven\u00e7\u00e3o local. A atividade teve um contributo muito significativo para o desenvolvimento das compet\u00eancias definidas no Perfil dos Alunos \u00e0 Sa\u00edda da Escolaridade Obrigat\u00f3ria e pelo que se considera que os objetivos foram alcan\u00e7ados de forma excelente.<\/p>\n\n\n\n<p class=\"has-tertiary-background-color has-background\">\u00bb  <a href=\"https:\/\/ebsmelgaco.com\/wpebs1\/wp-content\/uploads\/Relatorio-CP.pdf\" target=\"_blank\" rel=\"noreferrer noopener\">Relat\u00f3rio da atividade<\/a><\/p>\n\n\n\n<figure class=\"wp-block-image size-large\"><img loading=\"lazy\" decoding=\"async\" width=\"809\" height=\"1024\" src=\"https:\/\/ebsmelgaco.com\/wpebs1\/wp-content\/uploads\/Mural1-1214x1536-1-809x1024.png\" alt=\"\" class=\"wp-image-1603\" srcset=\"https:\/\/ebsmelgaco.com\/wpebs1\/wp-content\/uploads\/Mural1-1214x1536-1-809x1024.png 809w, https:\/\/ebsmelgaco.com\/wpebs1\/wp-content\/uploads\/Mural1-1214x1536-1-237x300.png 237w, https:\/\/ebsmelgaco.com\/wpebs1\/wp-content\/uploads\/Mural1-1214x1536-1-768x972.png 768w, https:\/\/ebsmelgaco.com\/wpebs1\/wp-content\/uploads\/Mural1-1214x1536-1.png 1214w\" sizes=\"auto, (max-width: 809px) 100vw, 809px\" \/><\/figure>\n","protected":false},"excerpt":{"rendered":"<p>PROJETO N.\u00ba 2023-1-PT01-KA 122-SCH-000149546&#8220;INCLUSIVE FUTURES: PROMOTING EQUITY AND DIVERSITY IN SCHOOLS &#8211; CI\u00caNCIAS&#8221; Com este projeto, pretendeu-se proporcionar aos alunos a oportunidade de experienciar uma mobilidade internacional e promover o desenvolvimento de compet\u00eancias pessoais e profissionais. Assim, o projeto contribuiu para o desenvolvimento pessoal e profissional dos alunos, nomeadamente, atrav\u00e9s do desenvolvimento da autonomia, responsabilidade, [&hellip;]<\/p>\n","protected":false},"author":1,"featured_media":0,"parent":0,"menu_order":0,"comment_status":"closed","ping_status":"closed","template":"","meta":{"footnotes":""},"class_list":["post-1596","page","type-page","status-publish","hentry"],"_links":{"self":[{"href":"https:\/\/ebsmelgaco.com\/wpebs1\/wp-json\/wp\/v2\/pages\/1596","targetHints":{"allow":["GET"]}}],"collection":[{"href":"https:\/\/ebsmelgaco.com\/wpebs1\/wp-json\/wp\/v2\/pages"}],"about":[{"href":"https:\/\/ebsmelgaco.com\/wpebs1\/wp-json\/wp\/v2\/types\/page"}],"author":[{"embeddable":true,"href":"https:\/\/ebsmelgaco.com\/wpebs1\/wp-json\/wp\/v2\/users\/1"}],"replies":[{"embeddable":true,"href":"https:\/\/ebsmelgaco.com\/wpebs1\/wp-json\/wp\/v2\/comments?post=1596"}],"version-history":[{"count":5,"href":"https:\/\/ebsmelgaco.com\/wpebs1\/wp-json\/wp\/v2\/pages\/1596\/revisions"}],"predecessor-version":[{"id":1604,"href":"https:\/\/ebsmelgaco.com\/wpebs1\/wp-json\/wp\/v2\/pages\/1596\/revisions\/1604"}],"wp:attachment":[{"href":"https:\/\/ebsmelgaco.com\/wpebs1\/wp-json\/wp\/v2\/media?parent=1596"}],"curies":[{"name":"wp","href":"https:\/\/api.w.org\/{rel}","templated":true}]}}