{"id":1530,"date":"2025-06-12T19:46:55","date_gmt":"2025-06-12T19:46:55","guid":{"rendered":"https:\/\/ebsmelgaco.com\/wpebs1\/?page_id=1530"},"modified":"2025-06-12T21:48:57","modified_gmt":"2025-06-12T21:48:57","slug":"eqavet","status":"publish","type":"page","link":"https:\/\/ebsmelgaco.com\/wpebs1\/eqavet\/","title":{"rendered":"Sistema de Garantia de Qualidade &#8211; EQAVET"},"content":{"rendered":"\n<figure class=\"wp-block-image aligncenter size-full is-resized\"><img loading=\"lazy\" decoding=\"async\" width=\"300\" height=\"160\" src=\"https:\/\/ebsmelgaco.com\/wpebs1\/wp-content\/uploads\/Logo-EQAVET-300x160-1.png\" alt=\"\" class=\"wp-image-1541\" style=\"width:158px;height:auto\"\/><\/figure>\n\n\n\n<p style=\"text-align: justify;\">O Quadro de Refer\u00eancia Europeu de Garantia da Qualidade para o Ensino e a Forma\u00e7\u00e3o Profissionais (Quadro EQAVET), institu\u00eddo pela Recomenda\u00e7\u00e3o do Parlamento Europeu e do Conselho de 18 de junho de 2009, foi concebido para melhorar a Educa\u00e7\u00e3o e Forma\u00e7\u00e3o Profissional (EFP) no espa\u00e7o europeu, colocando \u00e0 disposi\u00e7\u00e3o das autoridades e dos operadores ferramentas comuns para a gest\u00e3o da qualidade, a aplicar no \u00e2mbito da legisla\u00e7\u00e3o e das pr\u00e1ticas nacionais. Com efeito, a sua utiliza\u00e7\u00e3o permite aos Estados-Membro documentar, desenvolver, monitorizar, avaliar e melhorar a efici\u00eancia da EFP e a qualidade das pr\u00e1ticas de gest\u00e3o.<\/p>\n<p style=\"text-align: justify;\">O Agrupamento de Escolas de Melga\u00e7o, no seu Projeto Educativo, assumiu como \u201cMiss\u00e3o prestar \u00e0 comunidade um servi\u00e7o p\u00fablico de educa\u00e7\u00e3o de qualidade&#8230;\u201d, pelo que, ao iniciar o processo de alinhamento com o Quadro EQAVET, aprofunda o seu compromisso com a melhoria cont\u00ednua da oferta EFP contribuindo, assim, para a concretiza\u00e7\u00e3o dos seus objetivos estrat\u00e9gicos, e reconhece a import\u00e2ncia da participa\u00e7\u00e3o dos <em>stakeholders<\/em> nesse processo de melhoria.<\/p>\n<p style=\"text-align: justify;\">O EQAVET, em articula\u00e7\u00e3o com os documentos estruturantes do Agrupamento de Escolas de Melga\u00e7o, assume-se como um instrumento que permitir\u00e1 planear, implementar, monitorizar, avaliar e melhorar a efici\u00eancia da oferta de EFP e a qualidade das pr\u00e1ticas de gest\u00e3o, implicando processos de monitoriza\u00e7\u00e3o regulares e envolvendo mecanismos de auto e heteroavalia\u00e7\u00e3o.<\/p>\n\n\n\n<div class=\"wp-block-columns is-layout-flex wp-container-core-columns-is-layout-28f84493 wp-block-columns-is-layout-flex\">\n<div class=\"wp-block-column is-layout-flow wp-block-column-is-layout-flow\">\n<iframe loading=\"lazy\" width=\"300\" height=\"169\" src=\"https:\/\/www.youtube.com\/embed\/7A2OaR3fejg?si=jZrag1SrQu7vdlfv\" title=\"YouTube video player\" frameborder=\"0\" allow=\"accelerometer; autoplay; clipboard-write; encrypted-media; gyroscope; picture-in-picture; web-share\" referrerpolicy=\"strict-origin-when-cross-origin\" allowfullscreen><\/iframe>\n<\/div>\n\n\n\n<div class=\"wp-block-column is-layout-flow wp-block-column-is-layout-flow\">\n<figure class=\"wp-block-image size-full\"><img loading=\"lazy\" decoding=\"async\" width=\"768\" height=\"432\" src=\"https:\/\/ebsmelgaco.com\/wpebs1\/wp-content\/uploads\/EQAVET-768x432-1.png\" alt=\"\" class=\"wp-image-1536\" srcset=\"https:\/\/ebsmelgaco.com\/wpebs1\/wp-content\/uploads\/EQAVET-768x432-1.png 768w, https:\/\/ebsmelgaco.com\/wpebs1\/wp-content\/uploads\/EQAVET-768x432-1-300x169.png 300w\" sizes=\"auto, (max-width: 768px) 100vw, 768px\" \/><\/figure>\n<\/div>\n<\/div>\n\n\n\n<p class=\"has-tertiary-background-color has-background\">Para mais informa\u00e7\u00e3o consultar<br>\u00bb &nbsp;<a href=\"https:\/\/www.dgert.gov.pt\/eqavet-quadro-de-referencia-europeu-de-garantia-da-qualidade-para-o-ensino-e-formacao-profissional\" target=\"_blank\" rel=\"noreferrer noopener\">EQAVET dgert<\/a><br>\u00bb &nbsp;<a href=\"https:\/\/employment-social-affairs.ec.europa.eu\/policies-and-activities\/skills-and-qualifications\/working-together\/eqavet-european-quality-assurance-vocational-education-and-training_en\" target=\"_blank\" rel=\"noreferrer noopener\">EQAVET Comiss\u00e3o Europeia<\/a><\/p>\n","protected":false},"excerpt":{"rendered":"<p>O Quadro de Refer\u00eancia Europeu de Garantia da Qualidade para o Ensino e a Forma\u00e7\u00e3o Profissionais (Quadro EQAVET), institu\u00eddo pela Recomenda\u00e7\u00e3o do Parlamento Europeu e do Conselho de 18 de junho de 2009, foi concebido para melhorar a Educa\u00e7\u00e3o e Forma\u00e7\u00e3o Profissional (EFP) no espa\u00e7o europeu, colocando \u00e0 disposi\u00e7\u00e3o das autoridades e dos operadores ferramentas [&hellip;]<\/p>\n","protected":false},"author":1,"featured_media":0,"parent":0,"menu_order":0,"comment_status":"closed","ping_status":"closed","template":"","meta":{"footnotes":""},"class_list":["post-1530","page","type-page","status-publish","hentry"],"_links":{"self":[{"href":"https:\/\/ebsmelgaco.com\/wpebs1\/wp-json\/wp\/v2\/pages\/1530","targetHints":{"allow":["GET"]}}],"collection":[{"href":"https:\/\/ebsmelgaco.com\/wpebs1\/wp-json\/wp\/v2\/pages"}],"about":[{"href":"https:\/\/ebsmelgaco.com\/wpebs1\/wp-json\/wp\/v2\/types\/page"}],"author":[{"embeddable":true,"href":"https:\/\/ebsmelgaco.com\/wpebs1\/wp-json\/wp\/v2\/users\/1"}],"replies":[{"embeddable":true,"href":"https:\/\/ebsmelgaco.com\/wpebs1\/wp-json\/wp\/v2\/comments?post=1530"}],"version-history":[{"count":12,"href":"https:\/\/ebsmelgaco.com\/wpebs1\/wp-json\/wp\/v2\/pages\/1530\/revisions"}],"predecessor-version":[{"id":1581,"href":"https:\/\/ebsmelgaco.com\/wpebs1\/wp-json\/wp\/v2\/pages\/1530\/revisions\/1581"}],"wp:attachment":[{"href":"https:\/\/ebsmelgaco.com\/wpebs1\/wp-json\/wp\/v2\/media?parent=1530"}],"curies":[{"name":"wp","href":"https:\/\/api.w.org\/{rel}","templated":true}]}}