{"id":1368,"date":"2025-06-11T09:35:38","date_gmt":"2025-06-11T09:35:38","guid":{"rendered":"https:\/\/ebsmelgaco.com\/wpebs1\/?page_id=1368"},"modified":"2025-06-13T14:22:41","modified_gmt":"2025-06-13T14:22:41","slug":"avaliacao-do-diretor","status":"publish","type":"page","link":"https:\/\/ebsmelgaco.com\/wpebs1\/avaliacao-do-diretor\/","title":{"rendered":"Avalia\u00e7\u00e3o do Diretor"},"content":{"rendered":"\n<p>Nos termos do n.\u00ba 2, do artigo 5.\u00ba da Portaria n.\u00ba 266\/2012, de 30 de agosto, publicitam-se os Crit\u00e9rios de Avalia\u00e7\u00e3o Interna do Desempenho Docente da Diretora do Agrupamento de Escolas de Melga\u00e7o, definidos pelo Conselho Geral deste Agrupamento.<\/p>\n\n\n\n<p class=\"has-tertiary-background-color has-background\">\u00bb\u00a0 <a href=\"https:\/\/ebsmelgaco.com\/wpebs1\/wp-content\/uploads\/CriteriosAvaliacaoDiretor1.pdf\" target=\"_blank\" rel=\"noreferrer noopener\">Crit\u00e9rios de Avalia\u00e7\u00e3o da Diretora &#8211; 2023\/2027<\/a><br>\u00bb\u00a0 <a href=\"https:\/\/ebsmelgaco.com\/wpebs1\/wp-content\/uploads\/Portaria_266-2012.pdf\" target=\"_blank\" rel=\"noreferrer noopener\">Portaria n.\u00ba 266\/2012 de 30 de agosto<\/a><br>\u00a0 \u00a0 Regulamenta a avalia\u00e7\u00e3o do desempenho docente dos diretores<br>\u00a0 \u00a0 de agrupamentos de escolas ou escolas n\u00e3o agrupadas, &#8230;<\/p>\n","protected":false},"excerpt":{"rendered":"<p>Nos termos do n.\u00ba 2, do artigo 5.\u00ba da Portaria n.\u00ba 266\/2012, de 30 de agosto, publicitam-se os Crit\u00e9rios de Avalia\u00e7\u00e3o Interna do Desempenho Docente da Diretora do Agrupamento de Escolas de Melga\u00e7o, definidos pelo Conselho Geral deste Agrupamento. \u00bb\u00a0 Crit\u00e9rios de Avalia\u00e7\u00e3o da Diretora &#8211; 2023\/2027\u00bb\u00a0 Portaria n.\u00ba 266\/2012 de 30 de agosto\u00a0 \u00a0 [&hellip;]<\/p>\n","protected":false},"author":1,"featured_media":0,"parent":0,"menu_order":0,"comment_status":"closed","ping_status":"closed","template":"","meta":{"footnotes":""},"class_list":["post-1368","page","type-page","status-publish","hentry"],"_links":{"self":[{"href":"https:\/\/ebsmelgaco.com\/wpebs1\/wp-json\/wp\/v2\/pages\/1368","targetHints":{"allow":["GET"]}}],"collection":[{"href":"https:\/\/ebsmelgaco.com\/wpebs1\/wp-json\/wp\/v2\/pages"}],"about":[{"href":"https:\/\/ebsmelgaco.com\/wpebs1\/wp-json\/wp\/v2\/types\/page"}],"author":[{"embeddable":true,"href":"https:\/\/ebsmelgaco.com\/wpebs1\/wp-json\/wp\/v2\/users\/1"}],"replies":[{"embeddable":true,"href":"https:\/\/ebsmelgaco.com\/wpebs1\/wp-json\/wp\/v2\/comments?post=1368"}],"version-history":[{"count":6,"href":"https:\/\/ebsmelgaco.com\/wpebs1\/wp-json\/wp\/v2\/pages\/1368\/revisions"}],"predecessor-version":[{"id":1729,"href":"https:\/\/ebsmelgaco.com\/wpebs1\/wp-json\/wp\/v2\/pages\/1368\/revisions\/1729"}],"wp:attachment":[{"href":"https:\/\/ebsmelgaco.com\/wpebs1\/wp-json\/wp\/v2\/media?parent=1368"}],"curies":[{"name":"wp","href":"https:\/\/api.w.org\/{rel}","templated":true}]}}