{"id":1365,"date":"2025-06-11T09:29:23","date_gmt":"2025-06-11T09:29:23","guid":{"rendered":"https:\/\/ebsmelgaco.com\/wpebs1\/?page_id=1365"},"modified":"2025-06-12T09:01:38","modified_gmt":"2025-06-12T09:01:38","slug":"contratacao-de-escola","status":"publish","type":"page","link":"https:\/\/ebsmelgaco.com\/wpebs1\/contratacao-de-escola\/","title":{"rendered":"Contrata\u00e7\u00e3o de Escola"},"content":{"rendered":"<div class='pt-cv-wrapper'> <div class=\"pt-cv-view pt-cv-blockgrid iscvblock iscvreal list1 layout1\" id=\"pt-cv-view-8ugbva5l\"><div data-id=\"pt-cv-page-1\" class=\"pt-cv-page\" data-cvc=\"1\"><div class=\" pt-cv-content-item pt-cv-2-col\" ><h4 class=\"pt-cv-title\"><a href=\"https:\/\/ebsmelgaco.com\/wpebs1\/2026\/03\/03\/contratacao-escola-25-26-horario-n-o-18\/\" class=\"_self\" target=\"_self\" >Contrata\u00e7\u00e3o Escola 25\/26. Hor\u00e1rio n.\u00ba 18<\/a><\/h4>\n<div class=\"pt-cv-content\">Dando cumprimento ao estipulado nos n\u00fameros 4 e 5 do artigo 39.\u00ba do Decreto\u2013Lei n.\u00ba 132\/2012, de 27 de junho, na reda\u00e7\u00e3o conferida pelo Decreto-Lei n.\u00ba 9\/2016, de 07 de mar\u00e7o, e ainda nos termos do Decreto-Lei n.\u00ba 10-B\/2021, de 4 de fevereiro, torna-se p\u00fablico que est\u00e1 aberto o concurso de contrata\u00e7\u00e3o de Escola, na aplica\u00e7\u00e3o disponibilizada pelo Dire\u00e7\u00e3o-Geral da Administra\u00e7\u00e3o Escolar (DGAE) para suprir uma necessidade no grupo de recrutamento 290 (Educa\u00e7\u00e3o Moral e &#8230;<\/div><\/div>\n<div class=\" pt-cv-content-item pt-cv-2-col\" ><h4 class=\"pt-cv-title\"><a href=\"https:\/\/ebsmelgaco.com\/wpebs1\/2026\/02\/10\/contratacao-escola-25-26-horario-n-o-16\/\" class=\"_self\" target=\"_self\" >Contrata\u00e7\u00e3o Escola 25\/26. Hor\u00e1rio n.\u00ba 16<\/a><\/h4>\n<div class=\"pt-cv-content\">Dando cumprimento ao estipulado nos n\u00fameros 4 e 5 do artigo 39.\u00ba do Decreto\u2013Lei n.\u00ba 132\/2012, de 27 de junho, na reda\u00e7\u00e3o conferida pelo Decreto-Lei n.\u00ba 9\/2016, de 07 de mar\u00e7o, e ainda nos termos do Decreto-Lei n.\u00ba 10-B\/2021, de 4 de fevereiro, torna-se p\u00fablico que est\u00e1 aberto o concurso de contrata\u00e7\u00e3o de Escola, na aplica\u00e7\u00e3o disponibilizada pelo Dire\u00e7\u00e3o-Geral da Administra\u00e7\u00e3o Escolar (DGAE) para suprir uma necessidade no grupo de recrutamento 290 (Educa\u00e7\u00e3o Moral e &#8230;<\/div><\/div>\n<div class=\" pt-cv-content-item pt-cv-2-col\" ><h4 class=\"pt-cv-title\"><a href=\"https:\/\/ebsmelgaco.com\/wpebs1\/2026\/01\/19\/contratacao-escola-25-26-horario-n-o-15\/\" class=\"_self\" target=\"_self\" >Contrata\u00e7\u00e3o Escola 25\/26. Hor\u00e1rio n.\u00ba 15<\/a><\/h4>\n<div class=\"pt-cv-content\">Dando cumprimento ao estipulado nos n\u00fameros 4 e 5 do artigo 39.\u00ba do Decreto\u2013Lei n.\u00ba 132\/2012, de 27 de junho, na reda\u00e7\u00e3o conferida pelo Decreto-Lei n.\u00ba 9\/2016, de 07 de mar\u00e7o, e ainda nos termos do Decreto-Lei n.\u00ba 10-B\/2021, de 4 de fevereiro, torna-se p\u00fablico que est\u00e1 aberto o concurso de contrata\u00e7\u00e3o de Escola, na aplica\u00e7\u00e3o disponibilizada pelo Dire\u00e7\u00e3o-Geral da Administra\u00e7\u00e3o Escolar (DGAE) para suprir uma necessidade no grupo de recrutamento 510 (F\u00edsico-Qu\u00edmica). \u25c8\u00a0 Aviso &#8230;<\/div><\/div>\n<div class=\" pt-cv-content-item pt-cv-2-col\" ><h4 class=\"pt-cv-title\"><a href=\"https:\/\/ebsmelgaco.com\/wpebs1\/2026\/01\/12\/contratacao-escola-25-26-horario-n-o-12-2\/\" class=\"_self\" target=\"_self\" >Contrata\u00e7\u00e3o Escola 25\/26. Hor\u00e1rio n.\u00ba 14<\/a><\/h4>\n<div class=\"pt-cv-content\">Dando cumprimento ao estipulado nos n\u00fameros 4 e 5 do artigo 39.\u00ba do Decreto\u2013Lei n.\u00ba 132\/2012, de 27 de junho, na reda\u00e7\u00e3o conferida pelo Decreto-Lei n.\u00ba 9\/2016, de 07 de mar\u00e7o, e ainda nos termos do Decreto-Lei n.\u00ba 10-B\/2021, de 4 de fevereiro, torna-se p\u00fablico que est\u00e1 aberto o concurso de contrata\u00e7\u00e3o de Escola, na aplica\u00e7\u00e3o disponibilizada pelo Dire\u00e7\u00e3o-Geral da Administra\u00e7\u00e3o Escolar (DGAE) para suprir uma necessidade no grupo de recrutamento 500 (Matem\u00e1tica). \u25c8\u00a0 Aviso &#8230;<\/div><\/div>\n<div class=\" pt-cv-content-item pt-cv-2-col\" ><h4 class=\"pt-cv-title\"><a href=\"https:\/\/ebsmelgaco.com\/wpebs1\/2025\/10\/15\/contratacao-escola-25-26-horario-n-o-12\/\" class=\"_self\" target=\"_self\" >Contrata\u00e7\u00e3o Escola 25\/26. Hor\u00e1rio n.\u00ba 12<\/a><\/h4>\n<div class=\"pt-cv-content\">Dando cumprimento ao estipulado nos n\u00fameros 4 e 5 do artigo 39.\u00ba do Decreto\u2013Lei n.\u00ba 132\/2012, de 27 de junho, na reda\u00e7\u00e3o conferida pelo Decreto-Lei n.\u00ba 9\/2016, de 07 de mar\u00e7o, e ainda nos termos do Decreto-Lei n.\u00ba 10-B\/2021, de 4 de fevereiro, torna-se p\u00fablico que est\u00e1 aberto o concurso de contrata\u00e7\u00e3o de Escola, na aplica\u00e7\u00e3o disponibilizada pelo Dire\u00e7\u00e3o-Geral da Administra\u00e7\u00e3o Escolar (DGAE) para suprir uma necessidade no grupo de recrutamento 430 (Economia). \u25c8\u00a0 Aviso &#8230;<\/div><\/div>\n<div class=\" pt-cv-content-item pt-cv-2-col\" ><h4 class=\"pt-cv-title\"><a href=\"https:\/\/ebsmelgaco.com\/wpebs1\/2025\/04\/17\/contratacao-escola-24-25-horario-n-o-17\/\" class=\"_self\" target=\"_self\" >Contrata\u00e7\u00e3o Escola 24\/25. Hor\u00e1rio n.\u00ba 17<\/a><\/h4>\n<div class=\"pt-cv-content\">Dando cumprimento ao estipulado nos n\u00fameros 4 e 5 do artigo 39.\u00ba do Decreto\u2013Lei n.\u00ba 132\/2012, de 27 de junho, na reda\u00e7\u00e3o conferida pelo Decreto-Lei n.\u00ba 9\/2016, de 07 de mar\u00e7o, e ainda nos termos do Decreto-Lei n.\u00ba 10-B\/2021, de 4 de fevereiro, torna-se p\u00fablico que est\u00e1 aberto o concurso de contrata\u00e7\u00e3o de Escola, na aplica\u00e7\u00e3o disponibilizada pelo Dire\u00e7\u00e3o-Geral da Administra\u00e7\u00e3o Escolar (DGAE) para suprir uma necessidade no grupo de recrutamento 500 (Matem\u00e1tica). \u25c8\u00a0 Aviso &#8230;<\/div><\/div>\n<div class=\" pt-cv-content-item pt-cv-2-col\" ><h4 class=\"pt-cv-title\"><a href=\"https:\/\/ebsmelgaco.com\/wpebs1\/2025\/04\/17\/contratacao-escola-24-25-horario-n-o-14\/\" class=\"_self\" target=\"_self\" >Contrata\u00e7\u00e3o Escola 24\/25. Hor\u00e1rio n.\u00ba 14<\/a><\/h4>\n<div class=\"pt-cv-content\">Dando cumprimento ao estipulado nos n\u00fameros 4 e 5 do artigo 39.\u00ba do Decreto\u2013Lei n.\u00ba 132\/2012, de 27 de junho, na reda\u00e7\u00e3o conferida pelo Decreto-Lei n.\u00ba 9\/2016, de 07 de mar\u00e7o, e ainda nos termos do Decreto-Lei n.\u00ba 10-B\/2021, de 4 de fevereiro, torna-se p\u00fablico que est\u00e1 aberto o concurso de contrata\u00e7\u00e3o de Escola, na aplica\u00e7\u00e3o disponibilizada pelo Dire\u00e7\u00e3o-Geral da Administra\u00e7\u00e3o Escolar (DGAE) para suprir uma necessidade no grupo de recrutamento 110 (1.\u00ba Ciclo). \u25c8\u00a0 &#8230;<\/div><\/div>\n<div class=\" pt-cv-content-item pt-cv-2-col\" ><h4 class=\"pt-cv-title\"><a href=\"https:\/\/ebsmelgaco.com\/wpebs1\/2025\/04\/17\/contratacao-escola-24-25-horario-n-o-13\/\" class=\"_self\" target=\"_self\" >Contrata\u00e7\u00e3o Escola 24\/25. Hor\u00e1rio n.\u00ba 13<\/a><\/h4>\n<div class=\"pt-cv-content\">Dando cumprimento ao estipulado nos n\u00fameros 4 e 5 do artigo 39.\u00ba do Decreto\u2013Lei n.\u00ba 132\/2012, de 27 de junho, na reda\u00e7\u00e3o conferida pelo Decreto-Lei n.\u00ba 9\/2016, de 07 de mar\u00e7o, e ainda nos termos do Decreto-Lei n.\u00ba 10-B\/2021, de 4 de fevereiro, torna-se p\u00fablico que est\u00e1 aberto o concurso de contrata\u00e7\u00e3o de Escola, na aplica\u00e7\u00e3o disponibilizada pelo Dire\u00e7\u00e3o-Geral da Administra\u00e7\u00e3o Escolar (DGAE) para suprir uma necessidade no grupo de recrutamento 330 (Ingl\u00eas). \u25c8\u00a0 Aviso &#8230;<\/div><\/div><\/div><\/div> <\/div> <style>\n\n#pt-cv-view-8ugbva5l .pt-cv-meta-fields {  }#pt-cv-view-8ugbva5l .pt-cv-meta-fields * { font-size: 13px; }#pt-cv-view-8ugbva5l .pt-cv-thumb-wrapper:not(.miniwrap) { width: 40%; }#pt-cv-view-8ugbva5l .pt-cv-thumbnail:not(.pt-cv-thumbnailsm) { height: 300px; }#pt-cv-view-8ugbva5l .pt-cv-title a { display: block; }#pt-cv-view-8ugbva5l .pt-cv-title:not(.pt-cv-titlesm) a { font-weight: 600;text-decoration: none;font-size: 22px; }#pt-cv-view-8ugbva5l .pt-cv-titlesm a { font-weight: 600;font-size: 18px; }#pt-cv-view-8ugbva5l .pt-cv-content { font-size: 15px; }#pt-cv-view-8ugbva5l .pt-cv-rmwrap {  }#pt-cv-view-8ugbva5l .pt-cv-readmore { color: #fff;background-color: #0075ff;font-size: 14px; }#pt-cv-view-8ugbva5l .pt-cv-taxoterm {  }#pt-cv-view-8ugbva5l .pt-cv-taxoterm * { color: #222;background-color: #fff6f6;font-size: 14px; }#pt-cv-view-8ugbva5l + .pt-cv-pagination-wrapper {  }#pt-cv-view-8ugbva5l + .pt-cv-pagination-wrapper a { font-size: 14px; }#pt-cv-view-8ugbva5l > .pt-cv-page {grid-template-columns: repeat(1, 1fr);grid-gap: 20px;}\n@media all and (max-width: 1024px) { \n#pt-cv-view-8ugbva5l > .pt-cv-page {grid-template-columns: repeat(1, 1fr);}\n} \n@media all and (max-width: 767px) { \n#pt-cv-view-8ugbva5l > .pt-cv-page {grid-template-columns: repeat(1, 1fr);}\n} <\/style>","protected":false},"excerpt":{"rendered":"","protected":false},"author":1,"featured_media":0,"parent":0,"menu_order":0,"comment_status":"closed","ping_status":"closed","template":"","meta":{"footnotes":""},"class_list":["post-1365","page","type-page","status-publish","hentry"],"_links":{"self":[{"href":"https:\/\/ebsmelgaco.com\/wpebs1\/wp-json\/wp\/v2\/pages\/1365","targetHints":{"allow":["GET"]}}],"collection":[{"href":"https:\/\/ebsmelgaco.com\/wpebs1\/wp-json\/wp\/v2\/pages"}],"about":[{"href":"https:\/\/ebsmelgaco.com\/wpebs1\/wp-json\/wp\/v2\/types\/page"}],"author":[{"embeddable":true,"href":"https:\/\/ebsmelgaco.com\/wpebs1\/wp-json\/wp\/v2\/users\/1"}],"replies":[{"embeddable":true,"href":"https:\/\/ebsmelgaco.com\/wpebs1\/wp-json\/wp\/v2\/comments?post=1365"}],"version-history":[{"count":10,"href":"https:\/\/ebsmelgaco.com\/wpebs1\/wp-json\/wp\/v2\/pages\/1365\/revisions"}],"predecessor-version":[{"id":1482,"href":"https:\/\/ebsmelgaco.com\/wpebs1\/wp-json\/wp\/v2\/pages\/1365\/revisions\/1482"}],"wp:attachment":[{"href":"https:\/\/ebsmelgaco.com\/wpebs1\/wp-json\/wp\/v2\/media?parent=1365"}],"curies":[{"name":"wp","href":"https:\/\/api.w.org\/{rel}","templated":true}]}}