{"id":1361,"date":"2025-06-11T09:21:19","date_gmt":"2025-06-11T09:21:19","guid":{"rendered":"https:\/\/ebsmelgaco.com\/wpebs1\/?page_id=1361"},"modified":"2025-06-13T08:04:38","modified_gmt":"2025-06-13T08:04:38","slug":"legislacao-essencial","status":"publish","type":"page","link":"https:\/\/ebsmelgaco.com\/wpebs1\/legislacao-essencial\/","title":{"rendered":"Legisla\u00e7\u00e3o Essencial"},"content":{"rendered":"\n<figure class=\"wp-block-image size-full is-resized\"><img loading=\"lazy\" decoding=\"async\" width=\"600\" height=\"131\" src=\"https:\/\/ebsmelgaco.com\/wpebs1\/wp-content\/uploads\/dr.LogoPortal.png\" alt=\"\" class=\"wp-image-1677\" style=\"width:268px;height:auto\" srcset=\"https:\/\/ebsmelgaco.com\/wpebs1\/wp-content\/uploads\/dr.LogoPortal.png 600w, https:\/\/ebsmelgaco.com\/wpebs1\/wp-content\/uploads\/dr.LogoPortal-300x66.png 300w\" sizes=\"auto, (max-width: 600px) 100vw, 600px\" \/><\/figure>\n\n\n\n<p><strong>\u00bb\u00a0 Alunos<\/strong><\/p>\n<p>\u00a0 \u00a0\u2022\u00a0 \u00a0<span style=\"color: #000000;\">Decreto-Lei n.\u00ba 176\/2012 <\/span>\u00a0 <a style=\"color: #669fe8;\" href=\"https:\/\/ebsmelgaco.com\/wpebs1\/wp-content\/uploads\/Decreto-Lei-n.o_176_2012.pdf\" target=\"_blank\" rel=\"noopener\">\u2198<\/a>\u00a0<br \/><span style=\"color: #ffffff;\">.<\/span>\u00a0 \u00a0 \u00a0 \u00a0Regula o regime de matr\u00edcula e de frequ\u00eancia<\/p>\n<p>\u00a0 \u00a0\u2022 \u00a0\u00a0<span style=\"color: #000000;\">Decreto-Lei n.\u00ba 55\/2018<\/span>\u00a0 \u00a0<span style=\"color: #10a668;\"><a style=\"color: #669fe8;\" href=\"https:\/\/ebsmelgaco.com\/wpebs1\/wp-content\/uploads\/Decreto-Lei_n.o_55_2018.pdf\" target=\"_blank\" rel=\"noopener\">\u2198<\/a><\/span><br \/><span style=\"color: #ffffff;\">.<\/span>\u00a0 \u00a0 \u00a0 \u00a0Organiza\u00e7\u00e3o e gest\u00e3o dos curr\u00edculos do Ensino B\u00e1sico e Secund\u00e1rio<\/p>\n<p><span style=\"color: #000000;\">\u00a0 \u00a0 \u00a0 \u00a0 \u00a0 \u00a0 \u00a0\u2022\u00a0 \u00a0Portaria n.\u00ba 223-A\/2018<\/span>\u00a0 \u00a0<span style=\"color: #10a668;\"><a style=\"color: #669fe8;\" href=\"https:\/\/ebsmelgaco.com\/wpebs1\/wp-content\/uploads\/Portaria_n.o_223-A_2018.pdf\" target=\"_blank\" rel=\"noopener\">\u2198<\/a><\/span><br \/><span style=\"color: #ffffff;\">.<\/span>\u00a0 \u00a0 \u00a0 \u00a0 \u00a0 \u00a0 \u00a0 \u00a0 \u00a0Procede \u00e0 regulamenta\u00e7\u00e3o das ofertas educativas do Ensino B\u00e1sico<\/p>\n<p><span style=\"color: #000000;\">\u00a0 \u00a0 \u00a0 \u00a0 \u00a0 \u00a0 \u00a0\u2022\u00a0 \u00a0Portaria n.\u00ba 226-A\/2018<\/span>\u00a0 \u00a0<span style=\"color: #10a668;\"><a style=\"color: #669fe8;\" href=\"https:\/\/ebsmelgaco.com\/wpebs1\/wp-content\/uploads\/Portaria_n.o_226-A_2018.pdf\" target=\"_blank\" rel=\"noopener\">\u2198<\/a><\/span><br \/><span style=\"color: #ffffff;\">.<\/span>\u00a0 \u00a0 \u00a0 \u00a0 \u00a0 \u00a0 \u00a0 \u00a0 Procede \u00e0 regulamenta\u00e7\u00e3o dos Cursos Cient\u00edfico-Human\u00edsticos<\/p>\n<p><span style=\"color: #000000;\">\u00a0 \u00a0 \u00a0 \u00a0 \u00a0 \u00a0 \u00a0 \u00a0 \u00a0 \u00a0 \u00a0 \u00a0 \u2022\u00a0 \u00a0Portaria n.\u00ba 278\/2023<\/span>\u00a0 \u00a0<span style=\"color: #10a668;\"><a style=\"color: #669fe8;\" href=\"https:\/\/ebsmelgaco.com\/wpebs1\/wp-content\/uploads\/Portaria_n.o_278_2023.pdf\" target=\"_blank\" rel=\"noopener\">\u2198<\/a><\/span><br \/><span style=\"color: #ffffff;\">.<\/span>\u00a0 \u00a0 \u00a0 \u00a0 \u00a0 \u00a0 \u00a0 \u00a0 \u00a0 \u00a0 \u00a0 \u00a0 \u00a0 \u00a0 Primeira altera\u00e7\u00e3o \u00e0 Portaria <span style=\"color: #000000;\">n.\u00ba 226-A\/2018<\/span><\/p>\n<p><span style=\"color: #000000;\"> \u00a0 \u00a0 \u00a0 \u00a0 \u00a0 \u00a0\u2022\u00a0 \u00a0Portaria n.\u00ba 235-A\/2018<\/span>\u00a0 \u00a0<span style=\"color: #10a668;\"><a style=\"color: #669fe8;\" href=\"https:\/\/ebsmelgaco.com\/wpebs1\/wp-content\/uploads\/Portaria_n.o_235-A_2018.pdf\" target=\"_blank\" rel=\"noopener\">\u2198<\/a><\/span><br \/><span style=\"color: #ffffff;\">.<\/span>\u00a0 \u00a0 \u00a0 \u00a0 \u00a0 \u00a0 \u00a0 \u00a0 Procede \u00e0 regulamenta\u00e7\u00e3o dos Cursos Profissionais<\/p>\n<p>\u00a0 \u00a0\u2022\u00a0 \u00a0<span style=\"color: #000000;\">Decreto-Lei n.\u00ba 54\/2018<\/span>\u00a0 \u00a0<span style=\"color: #10a668;\"><a style=\"color: #669fe8;\" href=\"https:\/\/ebsmelgaco.com\/wpebs1\/wp-content\/uploads\/Decreto-Lei_n.o_54_2018.pdf\" target=\"_blank\" rel=\"noopener\">\u2198<\/a><\/span><br \/><span style=\"color: #ffffff;\">.<\/span>\u00a0 \u00a0 \u00a0 \u00a0Estabelece os princ\u00edpios e as normas que garantem a inclus\u00e3o<\/p>\n<p>\u00a0 \u00a0\u2022\u00a0 \u00a0<span style=\"color: #000000;\">Lei n.\u00ba 51\/2012 <\/span>\u00a0 <span style=\"color: #10a668;\"><a style=\"color: #669fe8;\" href=\"https:\/\/ebsmelgaco.com\/wpebs1\/wp-content\/uploads\/Lei_n.o_51_2012.pdf\" target=\"_blank\" rel=\"noopener\">\u2198<\/a><\/span><br \/><span style=\"color: #ffffff;\">.<\/span>\u00a0 \u00a0 \u00a0 \u00a0Estatuto do Aluno e \u00c9tica Escolar<\/p>\n<p>\u00a0 \u00a0\u2022\u00a0 \u00a0<span style=\"color: #000000;\">Lei n.\u00ba 60\/2009\u00a0\u00a0<\/span> <span style=\"color: #10a668;\"><a style=\"color: #669fe8;\" href=\"https:\/\/ebsmelgaco.com\/wpebs1\/wp-content\/uploads\/Lei_n.o_60_2009.pdf\" target=\"_blank\" rel=\"noopener\">\u2198<\/a><\/span><br \/><span style=\"color: #ffffff;\">.<\/span>\u00a0 \u00a0 \u00a0 \u00a0Estabelece o regime de aplica\u00e7\u00e3o da Educa\u00e7\u00e3o Sexual em meio escolar<\/p>\n<p style=\"padding-left: 60px;\">\u2022\u00a0 \u00a0<span style=\"color: #000000;\">Portaria n.\u00ba 196-A\/2010\u00a0\u00a0<\/span> <span style=\"color: #10a668;\"><a style=\"color: #669fe8;\" href=\"https:\/\/ebsmelgaco.com\/wpebs1\/wp-content\/uploads\/Portaria_n.o_196-A_2010.pdf\" target=\"_blank\" rel=\"noopener\">\u2198<\/a><\/span><br \/><span style=\"color: #ffffff;\">.<\/span>\u00a0 \u00a0 Regulamenta a Lei n.\u00ba 60\/2009 sobre Educa\u00e7\u00e3o Sexual<\/p>\n<p>\u00a0\u00a0 \u00a0\u2022\u00a0 \u00a0<span style=\"color: #000000;\">Portaria n.\u00ba 413\/99<\/span>\u00a0 \u00a0 <span style=\"color: #10a668;\"><a style=\"color: #669fe8;\" href=\"https:\/\/ebsmelgaco.com\/wpebs1\/wp-content\/uploads\/Portaria_n.o_413_99.pdf\" target=\"_blank\" rel=\"noopener\">\u2198<\/a><\/span><br \/><span style=\"color: #ffffff;\">.<\/span>\u00a0 \u00a0 \u00a0 \u00a0 Regulamento do Seguro Escolar<\/p>\n<p>\u00a0\u00a0 \u00a0\u2022\u00a0 \u00a0Estrat\u00e9gia Nacional de Educa\u00e7\u00e3o para a Cidadania\u00a0 \u00a0 <span style=\"color: #10a668;\"><a style=\"color: #669fe8;\" href=\"https:\/\/ebsmelgaco.com\/wpebs1\/wp-content\/uploads\/Estrategia_cidadania.pdf\" target=\"_blank\" rel=\"noopener\">\u2198<\/a><\/span><\/p>\n<p>\u00a0 \u00a0\u2022\u00a0 \u00a0Perfil dos Alunos \u00e0 Sa\u00edda da Escolaridade Obrigat\u00f3ria\u00a0 \u00a0 <span style=\"color: #10a668;\"><a style=\"color: #669fe8;\" href=\"https:\/\/ebsmelgaco.com\/wpebs1\/wp-content\/uploads\/Perfil_dos_alunos.pdf\" target=\"_blank\" rel=\"noopener\">\u2198<\/a><\/span><\/p>\n<p>\u00a0<\/p>\n","protected":false},"excerpt":{"rendered":"<p>\u00bb\u00a0 Alunos \u00a0 \u00a0\u2022\u00a0 \u00a0Decreto-Lei n.\u00ba 176\/2012 \u00a0 \u2198\u00a0.\u00a0 \u00a0 \u00a0 \u00a0Regula o regime de matr\u00edcula e de frequ\u00eancia \u00a0 \u00a0\u2022 \u00a0\u00a0Decreto-Lei n.\u00ba 55\/2018\u00a0 \u00a0\u2198.\u00a0 \u00a0 \u00a0 \u00a0Organiza\u00e7\u00e3o e gest\u00e3o dos curr\u00edculos do Ensino B\u00e1sico e Secund\u00e1rio \u00a0 \u00a0 \u00a0 \u00a0 \u00a0 \u00a0 \u00a0\u2022\u00a0 \u00a0Portaria n.\u00ba 223-A\/2018\u00a0 \u00a0\u2198.\u00a0 \u00a0 \u00a0 \u00a0 \u00a0 \u00a0 \u00a0 \u00a0 [&hellip;]<\/p>\n","protected":false},"author":1,"featured_media":0,"parent":0,"menu_order":0,"comment_status":"closed","ping_status":"closed","template":"","meta":{"footnotes":""},"class_list":["post-1361","page","type-page","status-publish","hentry"],"_links":{"self":[{"href":"https:\/\/ebsmelgaco.com\/wpebs1\/wp-json\/wp\/v2\/pages\/1361","targetHints":{"allow":["GET"]}}],"collection":[{"href":"https:\/\/ebsmelgaco.com\/wpebs1\/wp-json\/wp\/v2\/pages"}],"about":[{"href":"https:\/\/ebsmelgaco.com\/wpebs1\/wp-json\/wp\/v2\/types\/page"}],"author":[{"embeddable":true,"href":"https:\/\/ebsmelgaco.com\/wpebs1\/wp-json\/wp\/v2\/users\/1"}],"replies":[{"embeddable":true,"href":"https:\/\/ebsmelgaco.com\/wpebs1\/wp-json\/wp\/v2\/comments?post=1361"}],"version-history":[{"count":19,"href":"https:\/\/ebsmelgaco.com\/wpebs1\/wp-json\/wp\/v2\/pages\/1361\/revisions"}],"predecessor-version":[{"id":1683,"href":"https:\/\/ebsmelgaco.com\/wpebs1\/wp-json\/wp\/v2\/pages\/1361\/revisions\/1683"}],"wp:attachment":[{"href":"https:\/\/ebsmelgaco.com\/wpebs1\/wp-json\/wp\/v2\/media?parent=1361"}],"curies":[{"name":"wp","href":"https:\/\/api.w.org\/{rel}","templated":true}]}}