{"id":1357,"date":"2025-06-11T09:15:05","date_gmt":"2025-06-11T09:15:05","guid":{"rendered":"https:\/\/ebsmelgaco.com\/wpebs1\/?page_id=1357"},"modified":"2025-06-12T22:20:46","modified_gmt":"2025-06-12T22:20:46","slug":"planos-projetos-regulamentos-e-regimentos","status":"publish","type":"page","link":"https:\/\/ebsmelgaco.com\/wpebs1\/planos-projetos-regulamentos-e-regimentos\/","title":{"rendered":"Planos, Projetos, Regulamentos e Regimentos"},"content":{"rendered":"\n<p><strong>\u00bb Projetos e Planos<\/strong>\u00a0 <a style=\"color: #669fe8;\" href=\"https:\/\/aemelgaco-my.sharepoint.com\/:f:\/g\/personal\/pte_ebsmelgaco_com\/EopgcWwDd4lPrUFwUPpdskEB95RitYCpbfvdrC9gxlHvDA?e=QZtmGC\" target=\"_blank\" rel=\"noopener\">\u2198<\/a><\/p>\n<p>\u00a0 \u2022\u00a0 Carta de Miss\u00e3o da Diretora\u00a0\u00a0<br \/>\u00a0 \u2022\u00a0 Projeto Educativo 2023-2027\u00a0 <br \/>\u00a0 \u2022\u00a0 Plano de Melhoria do Agrupamento (desde 2015)\u00a0 <br \/>\u00a0 \u2022\u00a0 PADDE \u2013 Plano de A\u00e7\u00e3o para o Desenvolvimento Digital da Escola\u00a0 <br \/>\u00a0 \u2022\u00a0 Projeto Cultural de Escola 2024-2025\u00a0<\/p>\n<p><strong>\u00bb Regulamentos e Regimentos<\/strong>\u00a0 <span style=\"color: #ff6600;\"><a style=\"color: #669fe8;\" href=\"https:\/\/aemelgaco-my.sharepoint.com\/:f:\/g\/personal\/pte_ebsmelgaco_com\/EnDYPzZkrehPsQ_rEVWKwZ8BL1rtRJkqtPVqmKB2VBbAAw?e=EVgeGY\" target=\"_blank\" rel=\"noopener\">\u2198<\/a><\/span><\/p>\n<p>\u00a0 \u2022\u00a0 Regulamento Interno<br \/>\u00a0 \u2022\u00a0 Anexo III &#8211; Regimento das Bibliotecas Escolares\u00a0 <br \/>\u00a0 \u2022\u00a0 Anexo IV &#8211; Regulamento do funcionamento dos Refeit\u00f3rios Escolares\u00a0 <br \/>\u00a0 \u2022\u00a0 Anexo V &#8211; Regulamento do GIAE\u00a0 <br \/>\u00a0 \u2022\u00a0 Anexo VI &#8211; Regulamento de visitas se estudo e interc\u00e2mbio\u00a0 <br \/>\u00a0 \u2022\u00a0 Anexo VII &#8211; Regulamento dos Cursos Profissionais\u00a0 <br \/>\u00a0 \u2022\u00a0 Anexo VIII &#8211; Documento Orientador da Organiza\u00e7\u00e3o do Ano Letivo\u00a0 <br \/>\u00a0 \u2022\u00a0 Anexo IX &#8211; Seguro Escolar\u00a0 <br \/>\u00a0 \u2022\u00a0 Anexo X &#8211; Tipifica\u00e7\u00e3o de medidas de atua\u00e7\u00e3o em contexto disciplinar\u00a0<\/p>\n<p>\u00a0<\/p>\n","protected":false},"excerpt":{"rendered":"<p>\u00bb Projetos e Planos\u00a0 \u2198 \u00a0 \u2022\u00a0 Carta de Miss\u00e3o da Diretora\u00a0\u00a0\u00a0 \u2022\u00a0 Projeto Educativo 2023-2027\u00a0 \u00a0 \u2022\u00a0 Plano de Melhoria do Agrupamento (desde 2015)\u00a0 \u00a0 \u2022\u00a0 PADDE \u2013 Plano de A\u00e7\u00e3o para o Desenvolvimento Digital da Escola\u00a0 \u00a0 \u2022\u00a0 Projeto Cultural de Escola 2024-2025\u00a0 \u00bb Regulamentos e Regimentos\u00a0 \u2198 \u00a0 \u2022\u00a0 Regulamento Interno\u00a0 \u2022\u00a0 [&hellip;]<\/p>\n","protected":false},"author":1,"featured_media":0,"parent":0,"menu_order":0,"comment_status":"closed","ping_status":"closed","template":"","meta":{"footnotes":""},"class_list":["post-1357","page","type-page","status-publish","hentry"],"_links":{"self":[{"href":"https:\/\/ebsmelgaco.com\/wpebs1\/wp-json\/wp\/v2\/pages\/1357","targetHints":{"allow":["GET"]}}],"collection":[{"href":"https:\/\/ebsmelgaco.com\/wpebs1\/wp-json\/wp\/v2\/pages"}],"about":[{"href":"https:\/\/ebsmelgaco.com\/wpebs1\/wp-json\/wp\/v2\/types\/page"}],"author":[{"embeddable":true,"href":"https:\/\/ebsmelgaco.com\/wpebs1\/wp-json\/wp\/v2\/users\/1"}],"replies":[{"embeddable":true,"href":"https:\/\/ebsmelgaco.com\/wpebs1\/wp-json\/wp\/v2\/comments?post=1357"}],"version-history":[{"count":3,"href":"https:\/\/ebsmelgaco.com\/wpebs1\/wp-json\/wp\/v2\/pages\/1357\/revisions"}],"predecessor-version":[{"id":1606,"href":"https:\/\/ebsmelgaco.com\/wpebs1\/wp-json\/wp\/v2\/pages\/1357\/revisions\/1606"}],"wp:attachment":[{"href":"https:\/\/ebsmelgaco.com\/wpebs1\/wp-json\/wp\/v2\/media?parent=1357"}],"curies":[{"name":"wp","href":"https:\/\/api.w.org\/{rel}","templated":true}]}}