{"id":628,"date":"2023-06-01T10:35:02","date_gmt":"2023-06-01T10:35:02","guid":{"rendered":"https:\/\/ebsmelgaco.com\/wordpressbbl\/?page_id=628"},"modified":"2024-12-03T21:36:50","modified_gmt":"2024-12-03T21:36:50","slug":"pagina-inicial","status":"publish","type":"page","link":"https:\/\/ebsmelgaco.com\/wordpressbbl\/","title":{"rendered":"In\u00edcio"},"content":{"rendered":"<div class=\"pt-cv-wrapper\"><div class=\"pt-cv-view pt-cv-grid pt-cv-colsys\" id=\"pt-cv-view-5bb6f0fdvi\"><div data-id=\"pt-cv-page-1\" class=\"pt-cv-page\" data-cvc=\"2\"><div class=\"col-md-6 col-sm-6 col-xs-12 pt-cv-content-item pt-cv-1-col\" ><div class='pt-cv-ifield'><a href=\"https:\/\/ebsmelgaco.com\/wordpressbbl\/2026\/04\/23\/dia-mundial-do-livro\/\" class=\"_self pt-cv-href-thumbnail pt-cv-thumb-default\" target=\"_self\" ><img decoding=\"async\" width=\"300\" height=\"160\" src=\"https:\/\/ebsmelgaco.com\/wordpressbbl\/wp-content\/uploads\/2026\/04\/Copia-de-Concurso-E.-Leitura-2026.png\" class=\"pt-cv-thumbnail\" alt=\"\" \/><\/a>\n<h4 class=\"pt-cv-title\"><a href=\"https:\/\/ebsmelgaco.com\/wordpressbbl\/2026\/04\/23\/dia-mundial-do-livro\/\" class=\"_self\" target=\"_self\" >Dia Mundial do Livro<\/a><\/h4>\n<div class=\"pt-cv-content\">Hoje dia 23 de abril, celebra-se o Dia Mundial do Livro e dos \u00a0Direitos de Autor, uma data que destaca ...<br \/><div class=\"pt-cv-rmwrap\"><a href=\"https:\/\/ebsmelgaco.com\/wordpressbbl\/2026\/04\/23\/dia-mundial-do-livro\/\" class=\"_self pt-cv-readmore btn btn-success\" target=\"_self\">Ler Mais<\/a><\/div><\/div><\/div><\/div>\n<div class=\"col-md-6 col-sm-6 col-xs-12 pt-cv-content-item pt-cv-1-col\" ><div class='pt-cv-ifield'><a href=\"https:\/\/ebsmelgaco.com\/wordpressbbl\/2026\/04\/23\/semana-da-leitura-e-feira-do-livro\/\" class=\"_self pt-cv-href-thumbnail pt-cv-thumb-default\" target=\"_self\" ><img fetchpriority=\"high\" decoding=\"async\" width=\"300\" height=\"169\" src=\"https:\/\/ebsmelgaco.com\/wordpressbbl\/wp-content\/uploads\/2026\/04\/Cartaz-Feira-Livro-26-1-300x169.png\" class=\"pt-cv-thumbnail\" alt=\"\" srcset=\"https:\/\/ebsmelgaco.com\/wordpressbbl\/wp-content\/uploads\/2026\/04\/Cartaz-Feira-Livro-26-1-300x169.png 300w, https:\/\/ebsmelgaco.com\/wordpressbbl\/wp-content\/uploads\/2026\/04\/Cartaz-Feira-Livro-26-1-1024x576.png 1024w, https:\/\/ebsmelgaco.com\/wordpressbbl\/wp-content\/uploads\/2026\/04\/Cartaz-Feira-Livro-26-1-768x432.png 768w, https:\/\/ebsmelgaco.com\/wordpressbbl\/wp-content\/uploads\/2026\/04\/Cartaz-Feira-Livro-26-1-1536x864.png 1536w, https:\/\/ebsmelgaco.com\/wordpressbbl\/wp-content\/uploads\/2026\/04\/Cartaz-Feira-Livro-26-1.png 1920w\" sizes=\"(max-width: 300px) 100vw, 300px\" \/><\/a>\n<h4 class=\"pt-cv-title\"><a href=\"https:\/\/ebsmelgaco.com\/wordpressbbl\/2026\/04\/23\/semana-da-leitura-e-feira-do-livro\/\" class=\"_self\" target=\"_self\" >Semana da Leitura e Feira do Livro 2026<\/a><\/h4>\n<div class=\"pt-cv-content\">De 13 a 16 de abril, o Agrupamento abriu portas \u00e0 tradicional e aguardada Semana da Leitura \/ Feira do ...<br \/><div class=\"pt-cv-rmwrap\"><a href=\"https:\/\/ebsmelgaco.com\/wordpressbbl\/2026\/04\/23\/semana-da-leitura-e-feira-do-livro\/\" class=\"_self pt-cv-readmore btn btn-success\" target=\"_self\">Ler Mais<\/a><\/div><\/div><\/div><\/div>\n<div class=\"col-md-6 col-sm-6 col-xs-12 pt-cv-content-item pt-cv-1-col\" ><div class='pt-cv-ifield'><a href=\"https:\/\/ebsmelgaco.com\/wordpressbbl\/2026\/04\/20\/concurso-escolar-de-leitura-3-a-edicao\/\" class=\"_self pt-cv-href-thumbnail pt-cv-thumb-default\" target=\"_self\" ><img decoding=\"async\" width=\"300\" height=\"160\" src=\"https:\/\/ebsmelgaco.com\/wordpressbbl\/wp-content\/uploads\/2026\/04\/Concurso-E.-Leitura-2026.png\" class=\"pt-cv-thumbnail\" alt=\"\" \/><\/a>\n<h4 class=\"pt-cv-title\"><a href=\"https:\/\/ebsmelgaco.com\/wordpressbbl\/2026\/04\/20\/concurso-escolar-de-leitura-3-a-edicao\/\" class=\"_self\" target=\"_self\" >Concurso Escolar de Leitura &#8211; 3.\u00aa edi\u00e7\u00e3o<\/a><\/h4>\n<div class=\"pt-cv-content\">No passado dia 15 de abril mais uma edi\u00e7\u00e3o do Concurso Escolar de Leitura, uma iniciativa promovida pela subcoordena\u00e7\u00e3o de ...<br \/><div class=\"pt-cv-rmwrap\"><a href=\"https:\/\/ebsmelgaco.com\/wordpressbbl\/2026\/04\/20\/concurso-escolar-de-leitura-3-a-edicao\/\" class=\"_self pt-cv-readmore btn btn-success\" target=\"_self\">Ler Mais<\/a><\/div><\/div><\/div><\/div>\n<div class=\"col-md-6 col-sm-6 col-xs-12 pt-cv-content-item pt-cv-1-col\" ><div class='pt-cv-ifield'><a href=\"https:\/\/ebsmelgaco.com\/wordpressbbl\/2026\/03\/27\/dia-mundial-da-poesia%f0%9f%8c%bf\/\" class=\"_self pt-cv-href-thumbnail pt-cv-thumb-default\" target=\"_self\" ><img loading=\"lazy\" decoding=\"async\" width=\"300\" height=\"169\" src=\"https:\/\/ebsmelgaco.com\/wordpressbbl\/wp-content\/uploads\/2026\/03\/Dia-Mundial-da-Poesia-300x169.png\" class=\"pt-cv-thumbnail\" alt=\"\" srcset=\"https:\/\/ebsmelgaco.com\/wordpressbbl\/wp-content\/uploads\/2026\/03\/Dia-Mundial-da-Poesia-300x169.png 300w, https:\/\/ebsmelgaco.com\/wordpressbbl\/wp-content\/uploads\/2026\/03\/Dia-Mundial-da-Poesia-1024x576.png 1024w, https:\/\/ebsmelgaco.com\/wordpressbbl\/wp-content\/uploads\/2026\/03\/Dia-Mundial-da-Poesia-768x432.png 768w, https:\/\/ebsmelgaco.com\/wordpressbbl\/wp-content\/uploads\/2026\/03\/Dia-Mundial-da-Poesia-1536x864.png 1536w, https:\/\/ebsmelgaco.com\/wordpressbbl\/wp-content\/uploads\/2026\/03\/Dia-Mundial-da-Poesia.png 1920w\" sizes=\"(max-width: 300px) 100vw, 300px\" \/><\/a>\n<h4 class=\"pt-cv-title\"><a href=\"https:\/\/ebsmelgaco.com\/wordpressbbl\/2026\/03\/27\/dia-mundial-da-poesia%f0%9f%8c%bf\/\" class=\"_self\" target=\"_self\" >Dia Mundial da Poesia\ud83c\udf3f<\/a><\/h4>\n<div class=\"pt-cv-content\">No passado dia 21 de mar\u00e7o, a nossa Biblioteca Escolar assinalou o Dia Mundial da Poesia, uma data especial que ...<br \/><div class=\"pt-cv-rmwrap\"><a href=\"https:\/\/ebsmelgaco.com\/wordpressbbl\/2026\/03\/27\/dia-mundial-da-poesia%f0%9f%8c%bf\/\" class=\"_self pt-cv-readmore btn btn-success\" target=\"_self\">Ler Mais<\/a><\/div><\/div><\/div><\/div>\n<div class=\"col-md-6 col-sm-6 col-xs-12 pt-cv-content-item pt-cv-1-col\" ><div class='pt-cv-ifield'><a href=\"https:\/\/ebsmelgaco.com\/wordpressbbl\/2026\/03\/27\/newton-gostava-de-ler-2\/\" class=\"_self pt-cv-href-thumbnail pt-cv-thumb-default\" target=\"_self\" ><img loading=\"lazy\" decoding=\"async\" width=\"300\" height=\"160\" src=\"https:\/\/ebsmelgaco.com\/wordpressbbl\/wp-content\/uploads\/2026\/03\/Cartaz-300x160.png\" class=\"pt-cv-thumbnail\" alt=\"\" srcset=\"https:\/\/ebsmelgaco.com\/wordpressbbl\/wp-content\/uploads\/2026\/03\/Cartaz-300x160.png 300w, https:\/\/ebsmelgaco.com\/wordpressbbl\/wp-content\/uploads\/2026\/03\/Cartaz-1024x546.png 1024w, https:\/\/ebsmelgaco.com\/wordpressbbl\/wp-content\/uploads\/2026\/03\/Cartaz-768x410.png 768w, https:\/\/ebsmelgaco.com\/wordpressbbl\/wp-content\/uploads\/2026\/03\/Cartaz-1536x819.png 1536w, https:\/\/ebsmelgaco.com\/wordpressbbl\/wp-content\/uploads\/2026\/03\/Cartaz.png 2000w\" sizes=\"(max-width: 300px) 100vw, 300px\" \/><\/a>\n<h4 class=\"pt-cv-title\"><a href=\"https:\/\/ebsmelgaco.com\/wordpressbbl\/2026\/03\/27\/newton-gostava-de-ler-2\/\" class=\"_self\" target=\"_self\" >Newton Gostava de Ler!<\/a><\/h4>\n<div class=\"pt-cv-content\">No \u00e2mbito do projeto \"Newton gostava de ler!\", foi realizada, no dia 9 de mar\u00e7o, a atividade \"Biodiversidade da manta ...<br \/><div class=\"pt-cv-rmwrap\"><a href=\"https:\/\/ebsmelgaco.com\/wordpressbbl\/2026\/03\/27\/newton-gostava-de-ler-2\/\" class=\"_self pt-cv-readmore btn btn-success\" target=\"_self\">Ler Mais<\/a><\/div><\/div><\/div><\/div>\n<div class=\"col-md-6 col-sm-6 col-xs-12 pt-cv-content-item pt-cv-1-col\" ><div class='pt-cv-ifield'><a href=\"https:\/\/ebsmelgaco.com\/wordpressbbl\/2026\/03\/26\/sessao-de-sensibilizacao-sempre-a-sorrir-saude-oral\/\" class=\"_self pt-cv-href-thumbnail pt-cv-thumb-default\" target=\"_self\" ><img loading=\"lazy\" decoding=\"async\" width=\"300\" height=\"160\" src=\"https:\/\/ebsmelgaco.com\/wordpressbbl\/wp-content\/uploads\/2026\/03\/Saude-Oral-300x160.png\" class=\"pt-cv-thumbnail\" alt=\"\" srcset=\"https:\/\/ebsmelgaco.com\/wordpressbbl\/wp-content\/uploads\/2026\/03\/Saude-Oral-300x160.png 300w, https:\/\/ebsmelgaco.com\/wordpressbbl\/wp-content\/uploads\/2026\/03\/Saude-Oral-1024x546.png 1024w, https:\/\/ebsmelgaco.com\/wordpressbbl\/wp-content\/uploads\/2026\/03\/Saude-Oral-768x410.png 768w, https:\/\/ebsmelgaco.com\/wordpressbbl\/wp-content\/uploads\/2026\/03\/Saude-Oral-1536x819.png 1536w, https:\/\/ebsmelgaco.com\/wordpressbbl\/wp-content\/uploads\/2026\/03\/Saude-Oral.png 2000w\" sizes=\"(max-width: 300px) 100vw, 300px\" \/><\/a>\n<h4 class=\"pt-cv-title\"><a href=\"https:\/\/ebsmelgaco.com\/wordpressbbl\/2026\/03\/26\/sessao-de-sensibilizacao-sempre-a-sorrir-saude-oral\/\" class=\"_self\" target=\"_self\" >Sess\u00e3o de sensibiliza\u00e7\u00e3o: Sempre a Sorrir -Sa\u00fade Oral<\/a><\/h4>\n<div class=\"pt-cv-content\">Nos dias 9 e 10 de mar\u00e7o, as enfermeiras da UCC de Melga\u00e7o no \u00e2mbito da iniciativa Sempre a Sorrir ...<br \/><div class=\"pt-cv-rmwrap\"><a href=\"https:\/\/ebsmelgaco.com\/wordpressbbl\/2026\/03\/26\/sessao-de-sensibilizacao-sempre-a-sorrir-saude-oral\/\" class=\"_self pt-cv-readmore btn btn-success\" target=\"_self\">Ler Mais<\/a><\/div><\/div><\/div><\/div>\n<div class=\"col-md-6 col-sm-6 col-xs-12 pt-cv-content-item pt-cv-1-col\" ><div class='pt-cv-ifield'><a href=\"https:\/\/ebsmelgaco.com\/wordpressbbl\/2026\/03\/26\/leituras-partilhadas_literacias-2o-ciclo\/\" class=\"_self pt-cv-href-thumbnail pt-cv-thumb-default\" target=\"_self\" ><img loading=\"lazy\" decoding=\"async\" width=\"300\" height=\"160\" src=\"https:\/\/ebsmelgaco.com\/wordpressbbl\/wp-content\/uploads\/2026\/03\/Literacias_1o-P-300x160.png\" class=\"pt-cv-thumbnail\" alt=\"\" srcset=\"https:\/\/ebsmelgaco.com\/wordpressbbl\/wp-content\/uploads\/2026\/03\/Literacias_1o-P-300x160.png 300w, https:\/\/ebsmelgaco.com\/wordpressbbl\/wp-content\/uploads\/2026\/03\/Literacias_1o-P-1024x546.png 1024w, https:\/\/ebsmelgaco.com\/wordpressbbl\/wp-content\/uploads\/2026\/03\/Literacias_1o-P-768x410.png 768w, https:\/\/ebsmelgaco.com\/wordpressbbl\/wp-content\/uploads\/2026\/03\/Literacias_1o-P-1536x819.png 1536w, https:\/\/ebsmelgaco.com\/wordpressbbl\/wp-content\/uploads\/2026\/03\/Literacias_1o-P.png 2000w\" sizes=\"(max-width: 300px) 100vw, 300px\" \/><\/a>\n<h4 class=\"pt-cv-title\"><a href=\"https:\/\/ebsmelgaco.com\/wordpressbbl\/2026\/03\/26\/leituras-partilhadas_literacias-2o-ciclo\/\" class=\"_self\" target=\"_self\" >Leituras Partilhadas_Literacias 2\u00ba Ciclo<\/a><\/h4>\n<div class=\"pt-cv-content\">No \u00e2mbito da disciplina de Literacias, em articula\u00e7\u00e3o com a biblioteca escolar, ao longo do primeiro per\u00edodo, foram criados Padlets ...<br \/><div class=\"pt-cv-rmwrap\"><a href=\"https:\/\/ebsmelgaco.com\/wordpressbbl\/2026\/03\/26\/leituras-partilhadas_literacias-2o-ciclo\/\" class=\"_self pt-cv-readmore btn btn-success\" target=\"_self\">Ler Mais<\/a><\/div><\/div><\/div><\/div>\n<div class=\"col-md-6 col-sm-6 col-xs-12 pt-cv-content-item pt-cv-1-col\" ><div class='pt-cv-ifield'><a href=\"https:\/\/ebsmelgaco.com\/wordpressbbl\/2026\/02\/10\/dia-da-internet-mais-segura-2026_10-de-fevereiro-2026\/\" class=\"_self pt-cv-href-thumbnail pt-cv-thumb-default\" target=\"_self\" ><img loading=\"lazy\" decoding=\"async\" width=\"300\" height=\"160\" src=\"https:\/\/ebsmelgaco.com\/wordpressbbl\/wp-content\/uploads\/2026\/02\/post-do-instagram-aviso-de-live-gamer-moderno-1080-x-1350-px1-300x160.png\" class=\"pt-cv-thumbnail\" alt=\"\" srcset=\"https:\/\/ebsmelgaco.com\/wordpressbbl\/wp-content\/uploads\/2026\/02\/post-do-instagram-aviso-de-live-gamer-moderno-1080-x-1350-px1-300x160.png 300w, https:\/\/ebsmelgaco.com\/wordpressbbl\/wp-content\/uploads\/2026\/02\/post-do-instagram-aviso-de-live-gamer-moderno-1080-x-1350-px1-1024x546.png 1024w, https:\/\/ebsmelgaco.com\/wordpressbbl\/wp-content\/uploads\/2026\/02\/post-do-instagram-aviso-de-live-gamer-moderno-1080-x-1350-px1-768x410.png 768w, https:\/\/ebsmelgaco.com\/wordpressbbl\/wp-content\/uploads\/2026\/02\/post-do-instagram-aviso-de-live-gamer-moderno-1080-x-1350-px1-1536x819.png 1536w, https:\/\/ebsmelgaco.com\/wordpressbbl\/wp-content\/uploads\/2026\/02\/post-do-instagram-aviso-de-live-gamer-moderno-1080-x-1350-px1.png 2000w\" sizes=\"(max-width: 300px) 100vw, 300px\" \/><\/a>\n<h4 class=\"pt-cv-title\"><a href=\"https:\/\/ebsmelgaco.com\/wordpressbbl\/2026\/02\/10\/dia-da-internet-mais-segura-2026_10-de-fevereiro-2026\/\" class=\"_self\" target=\"_self\" >Dia da Internet mais Segura 2026_10 de fevereiro 2026<\/a><\/h4>\n<div class=\"pt-cv-content\">Juntos por uma Internet melhor\u00a0 \u00a0 Hoje, dia 10 de fevereiro, celebra-se a o Dia da Internet mais Segura 2026 ...<br \/><div class=\"pt-cv-rmwrap\"><a href=\"https:\/\/ebsmelgaco.com\/wordpressbbl\/2026\/02\/10\/dia-da-internet-mais-segura-2026_10-de-fevereiro-2026\/\" class=\"_self pt-cv-readmore btn btn-success\" target=\"_self\">Ler Mais<\/a><\/div><\/div><\/div><\/div>\n<div class=\"col-md-6 col-sm-6 col-xs-12 pt-cv-content-item pt-cv-1-col\" ><div class='pt-cv-ifield'><a href=\"https:\/\/ebsmelgaco.com\/wordpressbbl\/2026\/02\/05\/sessao-de-sensibilizacao-sobre-separacao-de-residuos\/\" class=\"_self pt-cv-href-thumbnail pt-cv-thumb-default\" target=\"_self\" ><img loading=\"lazy\" decoding=\"async\" width=\"300\" height=\"160\" src=\"https:\/\/ebsmelgaco.com\/wordpressbbl\/wp-content\/uploads\/2026\/02\/Sustentabilidade-300x160.png\" class=\"pt-cv-thumbnail\" alt=\"\" srcset=\"https:\/\/ebsmelgaco.com\/wordpressbbl\/wp-content\/uploads\/2026\/02\/Sustentabilidade-300x160.png 300w, https:\/\/ebsmelgaco.com\/wordpressbbl\/wp-content\/uploads\/2026\/02\/Sustentabilidade-1024x546.png 1024w, https:\/\/ebsmelgaco.com\/wordpressbbl\/wp-content\/uploads\/2026\/02\/Sustentabilidade-768x410.png 768w, https:\/\/ebsmelgaco.com\/wordpressbbl\/wp-content\/uploads\/2026\/02\/Sustentabilidade-1536x819.png 1536w, https:\/\/ebsmelgaco.com\/wordpressbbl\/wp-content\/uploads\/2026\/02\/Sustentabilidade.png 2000w\" sizes=\"(max-width: 300px) 100vw, 300px\" \/><\/a>\n<h4 class=\"pt-cv-title\"><a href=\"https:\/\/ebsmelgaco.com\/wordpressbbl\/2026\/02\/05\/sessao-de-sensibilizacao-sobre-separacao-de-residuos\/\" class=\"_self\" target=\"_self\" >Sess\u00e3o de sensibiliza\u00e7\u00e3o sobre separa\u00e7\u00e3o de res\u00edduos<\/a><\/h4>\n<div class=\"pt-cv-content\">No dia 2 de fevereiro, realizou-se na Biblioteca Escolar uma sess\u00e3o de sensibiliza\u00e7\u00e3o dedicada \u00e0 separa\u00e7\u00e3o de res\u00edduos, dinamizada pela ...<br \/><div class=\"pt-cv-rmwrap\"><a href=\"https:\/\/ebsmelgaco.com\/wordpressbbl\/2026\/02\/05\/sessao-de-sensibilizacao-sobre-separacao-de-residuos\/\" class=\"_self pt-cv-readmore btn btn-success\" target=\"_self\">Ler Mais<\/a><\/div><\/div><\/div><\/div>\n<div class=\"col-md-6 col-sm-6 col-xs-12 pt-cv-content-item pt-cv-1-col\" ><div class='pt-cv-ifield'><a href=\"https:\/\/ebsmelgaco.com\/wordpressbbl\/2026\/01\/29\/dia-internacional-em-memoria-das-vitimas-do-holocausto_27-de-janeiro\/\" class=\"_self pt-cv-href-thumbnail pt-cv-thumb-default\" target=\"_self\" ><img loading=\"lazy\" decoding=\"async\" width=\"300\" height=\"160\" src=\"https:\/\/ebsmelgaco.com\/wordpressbbl\/wp-content\/uploads\/2026\/01\/Holocausto-2026.png\" class=\"pt-cv-thumbnail\" alt=\"\" \/><\/a>\n<h4 class=\"pt-cv-title\"><a href=\"https:\/\/ebsmelgaco.com\/wordpressbbl\/2026\/01\/29\/dia-internacional-em-memoria-das-vitimas-do-holocausto_27-de-janeiro\/\" class=\"_self\" target=\"_self\" >Dia Internacional em Mem\u00f3ria das V\u00edtimas do Holocausto_27 de janeiro<\/a><\/h4>\n<div class=\"pt-cv-content\">No dia 27 de janeiro, celebrou-se o Dia Internacional em Mem\u00f3ria das V\u00edtimas do Holocausto, uma data de grande significado ...<br \/><div class=\"pt-cv-rmwrap\"><a href=\"https:\/\/ebsmelgaco.com\/wordpressbbl\/2026\/01\/29\/dia-internacional-em-memoria-das-vitimas-do-holocausto_27-de-janeiro\/\" class=\"_self pt-cv-readmore btn btn-success\" target=\"_self\">Ler Mais<\/a><\/div><\/div><\/div><\/div><\/div><\/div><\/div>\n","protected":false},"excerpt":{"rendered":"","protected":false},"author":1,"featured_media":0,"parent":0,"menu_order":0,"comment_status":"closed","ping_status":"closed","template":"","meta":{"footnotes":""},"class_list":["post-628","page","type-page","status-publish"],"_links":{"self":[{"href":"https:\/\/ebsmelgaco.com\/wordpressbbl\/wp-json\/wp\/v2\/pages\/628","targetHints":{"allow":["GET"]}}],"collection":[{"href":"https:\/\/ebsmelgaco.com\/wordpressbbl\/wp-json\/wp\/v2\/pages"}],"about":[{"href":"https:\/\/ebsmelgaco.com\/wordpressbbl\/wp-json\/wp\/v2\/types\/page"}],"author":[{"embeddable":true,"href":"https:\/\/ebsmelgaco.com\/wordpressbbl\/wp-json\/wp\/v2\/users\/1"}],"replies":[{"embeddable":true,"href":"https:\/\/ebsmelgaco.com\/wordpressbbl\/wp-json\/wp\/v2\/comments?post=628"}],"version-history":[{"count":3,"href":"https:\/\/ebsmelgaco.com\/wordpressbbl\/wp-json\/wp\/v2\/pages\/628\/revisions"}],"predecessor-version":[{"id":816,"href":"https:\/\/ebsmelgaco.com\/wordpressbbl\/wp-json\/wp\/v2\/pages\/628\/revisions\/816"}],"wp:attachment":[{"href":"https:\/\/ebsmelgaco.com\/wordpressbbl\/wp-json\/wp\/v2\/media?parent=628"}],"curies":[{"name":"wp","href":"https:\/\/api.w.org\/{rel}","templated":true}]}}