{"id":54,"date":"2023-03-18T17:34:59","date_gmt":"2023-03-18T17:34:59","guid":{"rendered":"https:\/\/ebsmelgaco.com\/wordpressbbl\/?page_id=54"},"modified":"2024-12-03T22:39:07","modified_gmt":"2024-12-03T22:39:07","slug":"be-digital","status":"publish","type":"page","link":"https:\/\/ebsmelgaco.com\/wordpressbbl\/be-digital\/","title":{"rendered":"BE Digital"},"content":{"rendered":"\t\t<div data-elementor-type=\"wp-page\" data-elementor-id=\"54\" class=\"elementor elementor-54\">\n\t\t\t\t\t\t<section class=\"elementor-section elementor-top-section elementor-element elementor-element-51a53865 elementor-section-full_width elementor-section-height-default elementor-section-height-default\" data-id=\"51a53865\" data-element_type=\"section\" data-e-type=\"section\">\n\t\t\t\t\t\t<div class=\"elementor-container elementor-column-gap-default\">\n\t\t\t\t\t<div class=\"elementor-column elementor-col-100 elementor-top-column elementor-element elementor-element-1aea21fc\" data-id=\"1aea21fc\" data-element_type=\"column\" data-e-type=\"column\">\n\t\t\t<div class=\"elementor-widget-wrap elementor-element-populated\">\n\t\t\t\t\t\t<div class=\"elementor-element elementor-element-826797a elementor-widget elementor-widget-heading\" data-id=\"826797a\" data-element_type=\"widget\" data-e-type=\"widget\" data-widget_type=\"heading.default\">\n\t\t\t\t<div class=\"elementor-widget-container\">\n\t\t\t\t\t<h2 class=\"elementor-heading-title elementor-size-medium\">Sele\u00e7\u00e3o de alguns recursos dispon\u00edveis - bibliotecas e livros digitais:<\/h2>\t\t\t\t<\/div>\n\t\t\t\t<\/div>\n\t\t\t\t<div class=\"elementor-element elementor-element-2dfa1349 elementor-widget__width-initial elementor-widget elementor-widget-text-editor\" data-id=\"2dfa1349\" data-element_type=\"widget\" data-e-type=\"widget\" data-widget_type=\"text-editor.default\">\n\t\t\t\t<div class=\"elementor-widget-container\">\n\t\t\t\t\t\t\t\t\t<ul style=\"list-style-type: square;\">\n<li>\n<h4><span style=\"font-size: 14pt; font-family: arial, helvetica, sans-serif;\"><a href=\"http:\/\/purl.pt\/index\/geral\/PT\/index.html\" target=\"_blank\" rel=\"noopener\">Biblioteca Nacional Digital<\/a>\u00a0<\/span><\/h4>\n<\/li>\n<li>\n<h4><span style=\"font-family: arial, helvetica, sans-serif;\"><a href=\"https:\/\/www.pnl2027.gov.pt\/np4\/recursos?cat=bibliotecas%20e%20livros%20digitais\" target=\"_blank\" rel=\"noreferrer noopener\"><span style=\"font-size: 14pt;\">Bibliotecas e <\/span><\/a><span style=\"font-size: 14pt;\"><a href=\"https:\/\/www.pnl2027.gov.pt\/np4\/recursos?cat=bibliotecas%20e%20livros%20digitais\" target=\"_blank\" rel=\"noreferrer noopener\">Livros Digitais-<\/a> <a href=\"https:\/\/www.pnl2027.gov.pt\/np4\/acoes?cat=Projetos\" target=\"_blank\" rel=\"noreferrer noopener\">Plano Nacional de Leitura<\/a><\/span><\/span><\/h4>\n<\/li>\n<li>\n<h3><span style=\"font-family: arial, helvetica, sans-serif;\"><a href=\"https:\/\/blogue.rbe.mec.pt\/o-poder-da-inteligencia-artificial-2561309\" target=\"_blank\" rel=\"noopener\">O poder da Intelig\u00eancia Artificial &#8211;<\/a> Blogue RBE<\/span><\/h3>\n<\/li>\n<li>\n<h3><span style=\"font-family: arial, helvetica, sans-serif; font-size: 14pt;\"><a href=\"https:\/\/blogue.rbe.mec.pt\/desafios-chave-para-a-inteligencia-2667553\" target=\"_blank\" rel=\"noopener\">Desafios-chave para a Intelig\u00eancia Artificial na Educa\u00e7\u00e3o<\/a><\/span><\/h3>\n<\/li>\n<li>\n<h3><span style=\"font-family: arial, helvetica, sans-serif;\"><a href=\"https:\/\/blogue.rbe.mec.pt\/ja-ha-maquinas-que-escrevem-e-desenham-2680722\" target=\"_blank\" rel=\"noopener\">J\u00e1 h\u00e1 m\u00e1quinas que <span style=\"font-size: 14pt;\">escrevem e desenham como os humanos! E agora?<\/span><\/a><\/span><\/h3>\n<\/li>\n<\/ul>\n<p><\/p>\n<figure class=\"wp-block-gallery-2 is-layout-flex wp-block-gallery-is-layout-flex\"><\/figure>\n<p><\/p>\t\t\t\t\t\t\t\t<\/div>\n\t\t\t\t<\/div>\n\t\t\t\t\t<\/div>\n\t\t<\/div>\n\t\t\t\t\t<\/div>\n\t\t<\/section>\n\t\t\t\t<section class=\"elementor-section elementor-top-section elementor-element elementor-element-da1a2d5 elementor-section-boxed elementor-section-height-default elementor-section-height-default\" data-id=\"da1a2d5\" data-element_type=\"section\" data-e-type=\"section\">\n\t\t\t\t\t\t<div class=\"elementor-container elementor-column-gap-default\">\n\t\t\t\t\t<div class=\"elementor-column elementor-col-100 elementor-top-column elementor-element elementor-element-f573f90\" data-id=\"f573f90\" data-element_type=\"column\" data-e-type=\"column\">\n\t\t\t<div class=\"elementor-widget-wrap\">\n\t\t\t\t\t\t\t<\/div>\n\t\t<\/div>\n\t\t\t\t\t<\/div>\n\t\t<\/section>\n\t\t\t\t<section class=\"elementor-section elementor-top-section elementor-element elementor-element-068a66d elementor-section-boxed elementor-section-height-default elementor-section-height-default\" data-id=\"068a66d\" data-element_type=\"section\" data-e-type=\"section\">\n\t\t\t\t\t\t<div class=\"elementor-container elementor-column-gap-default\">\n\t\t\t\t\t<div class=\"elementor-column elementor-col-100 elementor-top-column elementor-element elementor-element-c411448\" data-id=\"c411448\" data-element_type=\"column\" data-e-type=\"column\">\n\t\t\t<div class=\"elementor-widget-wrap\">\n\t\t\t\t\t\t\t<\/div>\n\t\t<\/div>\n\t\t\t\t\t<\/div>\n\t\t<\/section>\n\t\t\t\t<\/div>\n\t\t","protected":false},"excerpt":{"rendered":"<p>Sele\u00e7\u00e3o de alguns recursos dispon\u00edveis &#8211; bibliotecas e livros digitais: Biblioteca Nacional Digital\u00a0 Bibliotecas e Livros Digitais- Plano Nacional de Leitura O poder da Intelig\u00eancia Artificial &#8211; Blogue RBE Desafios-chave para a Intelig\u00eancia Artificial na Educa\u00e7\u00e3o J\u00e1 h\u00e1 m\u00e1quinas que escrevem e desenham como os humanos! E agora?<\/p>\n","protected":false},"author":1,"featured_media":0,"parent":0,"menu_order":0,"comment_status":"closed","ping_status":"closed","template":"","meta":{"footnotes":""},"class_list":["post-54","page","type-page","status-publish"],"_links":{"self":[{"href":"https:\/\/ebsmelgaco.com\/wordpressbbl\/wp-json\/wp\/v2\/pages\/54","targetHints":{"allow":["GET"]}}],"collection":[{"href":"https:\/\/ebsmelgaco.com\/wordpressbbl\/wp-json\/wp\/v2\/pages"}],"about":[{"href":"https:\/\/ebsmelgaco.com\/wordpressbbl\/wp-json\/wp\/v2\/types\/page"}],"author":[{"embeddable":true,"href":"https:\/\/ebsmelgaco.com\/wordpressbbl\/wp-json\/wp\/v2\/users\/1"}],"replies":[{"embeddable":true,"href":"https:\/\/ebsmelgaco.com\/wordpressbbl\/wp-json\/wp\/v2\/comments?post=54"}],"version-history":[{"count":59,"href":"https:\/\/ebsmelgaco.com\/wordpressbbl\/wp-json\/wp\/v2\/pages\/54\/revisions"}],"predecessor-version":[{"id":1492,"href":"https:\/\/ebsmelgaco.com\/wordpressbbl\/wp-json\/wp\/v2\/pages\/54\/revisions\/1492"}],"wp:attachment":[{"href":"https:\/\/ebsmelgaco.com\/wordpressbbl\/wp-json\/wp\/v2\/media?parent=54"}],"curies":[{"name":"wp","href":"https:\/\/api.w.org\/{rel}","templated":true}]}}